{"id":585,"date":"2016-07-04T15:37:54","date_gmt":"2016-07-04T19:37:54","guid":{"rendered":"http:\/\/www.dfp.ca\/fr\/?page_id=585"},"modified":"2024-11-06T14:25:30","modified_gmt":"2024-11-06T19:25:30","slug":"mastic-a-bois","status":"publish","type":"page","link":"https:\/\/www.dfp.ca\/fr\/bois\/mastic-adhesifs-et-abrasifs\/remplisseurs\/mastic-a-bois\/","title":{"rendered":"TIMBERMATE BOUCHE-PORES"},"content":{"rendered":"\n<div class=\"wp-block-media-text has-media-on-the-right is-stacked-on-mobile\"><div class=\"wp-block-media-text__content\">\n<p>Timbermate est un bouche-pores d\u2019int\u00e9rieur 4 en 1 pour le bois pouvant servir \u00e0 remplir le grain du bois, les bords et les fissures. Lorsqu\u2019il est l\u00e9g\u00e8rement dilu\u00e9 avec de l\u2019eau, il peut \u00e9galement \u00eatre utilis\u00e9 comme scellant \u00e0 poncer. Timbermate ne r\u00e9tr\u00e9cit pas, ne coule pas, ne se fissure pas, demeure en place et a une dur\u00e9e de conservation ind\u00e9finie. Il est ininflammable, non toxique et peut \u00eatre utilis\u00e9 jusqu\u2019au dernier gramme.<\/p>\n\n\n\n<p>Timbermate est fi\u00e8rement fabriqu\u00e9 et d\u00e9tenu \u00e0 100 % par des Australiens.<\/p>\n\n\n\n<ul class=\"wp-block-list\">\n<li>Adh\u00e9rence exceptionnelle et facile \u00e0 poncer<\/li>\n\n\n\n<li>Peut \u00eatre recouvert de n\u2019importe quel produit de finition ou d\u2019une teinture, peut \u00eatre teint\u00e9 (y compris les teintes \u00e0 base d\u2019acide tannique)<\/li>\n\n\n\n<li>Offre une couverture de 50 \u00e0 75 % sup\u00e9rieure \u00e0 celle de la concurrence<\/li>\n\n\n\n<li>Z\u00e9ro d\u00e9chet &#8211; se reconstitue avec de l\u2019eau<\/li>\n\n\n\n<li>Stable \u00e0 la cong\u00e9lation et au d\u00e9ge<\/li>\n<\/ul>\n<\/div><figure class=\"wp-block-media-text__media\"><img loading=\"lazy\" decoding=\"async\" width=\"900\" height=\"900\" src=\"https:\/\/www.dfp.ca\/wp-content\/uploads\/2024\/11\/timbermate-250g-erable-hetre-pin.d2bfde@2x.jpg\" alt=\"\" class=\"wp-image-5287 size-full\" srcset=\"https:\/\/www.dfp.ca\/wp-content\/uploads\/2024\/11\/timbermate-250g-erable-hetre-pin.d2bfde@2x.jpg 900w, https:\/\/www.dfp.ca\/wp-content\/uploads\/2024\/11\/timbermate-250g-erable-hetre-pin.d2bfde@2x-300x300.jpg 300w, https:\/\/www.dfp.ca\/wp-content\/uploads\/2024\/11\/timbermate-250g-erable-hetre-pin.d2bfde@2x-150x150.jpg 150w, https:\/\/www.dfp.ca\/wp-content\/uploads\/2024\/11\/timbermate-250g-erable-hetre-pin.d2bfde@2x-768x768.jpg 768w, https:\/\/www.dfp.ca\/wp-content\/uploads\/2024\/11\/timbermate-250g-erable-hetre-pin.d2bfde@2x-24x24.jpg 24w, https:\/\/www.dfp.ca\/wp-content\/uploads\/2024\/11\/timbermate-250g-erable-hetre-pin.d2bfde@2x-36x36.jpg 36w, https:\/\/www.dfp.ca\/wp-content\/uploads\/2024\/11\/timbermate-250g-erable-hetre-pin.d2bfde@2x-48x48.jpg 48w\" sizes=\"(max-width: 900px) 100vw, 900px\" \/><\/figure><\/div>\n\n\n\n<p>&nbsp;<\/p>\n\n\n\n<div class=\"wp-block-columns is-layout-flex wp-container-core-columns-is-layout-1 wp-block-columns-is-layout-flex\">\n<div class=\"wp-block-column is-layout-flow wp-block-column-is-layout-flow\">\n<figure class=\"wp-block-image size-full\"><img loading=\"lazy\" decoding=\"async\" width=\"259\" height=\"259\" src=\"https:\/\/www.dfp.ca\/wp-content\/uploads\/2024\/11\/TM-White.jpg\" alt=\"\" class=\"wp-image-5289\" srcset=\"https:\/\/www.dfp.ca\/wp-content\/uploads\/2024\/11\/TM-White.jpg 259w, https:\/\/www.dfp.ca\/wp-content\/uploads\/2024\/11\/TM-White-150x150.jpg 150w, https:\/\/www.dfp.ca\/wp-content\/uploads\/2024\/11\/TM-White-24x24.jpg 24w, https:\/\/www.dfp.ca\/wp-content\/uploads\/2024\/11\/TM-White-36x36.jpg 36w, https:\/\/www.dfp.ca\/wp-content\/uploads\/2024\/11\/TM-White-48x48.jpg 48w\" sizes=\"(max-width: 259px) 100vw, 259px\" \/><figcaption class=\"wp-element-caption\"><strong>Blanc<\/strong><br>250 g &#8211; 101055<br>4 lb &#8211; 101056<\/figcaption><\/figure>\n<\/div>\n\n\n\n<div class=\"wp-block-column is-layout-flow wp-block-column-is-layout-flow\">\n<figure class=\"wp-block-image size-full\"><img loading=\"lazy\" decoding=\"async\" width=\"259\" height=\"259\" src=\"https:\/\/www.dfp.ca\/wp-content\/uploads\/2024\/11\/TM-Mahogany.jpg\" alt=\"\" class=\"wp-image-5291\" srcset=\"https:\/\/www.dfp.ca\/wp-content\/uploads\/2024\/11\/TM-Mahogany.jpg 259w, https:\/\/www.dfp.ca\/wp-content\/uploads\/2024\/11\/TM-Mahogany-150x150.jpg 150w, https:\/\/www.dfp.ca\/wp-content\/uploads\/2024\/11\/TM-Mahogany-24x24.jpg 24w, https:\/\/www.dfp.ca\/wp-content\/uploads\/2024\/11\/TM-Mahogany-36x36.jpg 36w, https:\/\/www.dfp.ca\/wp-content\/uploads\/2024\/11\/TM-Mahogany-48x48.jpg 48w\" sizes=\"(max-width: 259px) 100vw, 259px\" \/><figcaption class=\"wp-element-caption\"><strong>Acajou<\/strong><br>250 g &#8211; 101020<br>4 lb &#8211; 101021<br><\/figcaption><\/figure>\n<\/div>\n\n\n\n<div class=\"wp-block-column is-layout-flow wp-block-column-is-layout-flow\">\n<figure class=\"wp-block-image size-full is-resized\"><img loading=\"lazy\" decoding=\"async\" width=\"259\" height=\"259\" src=\"https:\/\/www.dfp.ca\/wp-content\/uploads\/2024\/11\/TM-White-Oak.jpg\" alt=\"\" class=\"wp-image-5295\" style=\"width:219px;height:auto\" srcset=\"https:\/\/www.dfp.ca\/wp-content\/uploads\/2024\/11\/TM-White-Oak.jpg 259w, https:\/\/www.dfp.ca\/wp-content\/uploads\/2024\/11\/TM-White-Oak-150x150.jpg 150w, https:\/\/www.dfp.ca\/wp-content\/uploads\/2024\/11\/TM-White-Oak-24x24.jpg 24w, https:\/\/www.dfp.ca\/wp-content\/uploads\/2024\/11\/TM-White-Oak-36x36.jpg 36w, https:\/\/www.dfp.ca\/wp-content\/uploads\/2024\/11\/TM-White-Oak-48x48.jpg 48w\" sizes=\"(max-width: 259px) 100vw, 259px\" \/><figcaption class=\"wp-element-caption\"><strong>Ch\u00eane blanc<\/strong><br>250 g &#8211; 101060<br>4 lb &#8211; 101061<\/figcaption><\/figure>\n<\/div>\n\n\n\n<div class=\"wp-block-column is-layout-flow wp-block-column-is-layout-flow\">\n<figure class=\"wp-block-image size-full\"><img loading=\"lazy\" decoding=\"async\" width=\"259\" height=\"259\" src=\"https:\/\/www.dfp.ca\/wp-content\/uploads\/2024\/11\/TM-Ebony.jpg\" alt=\"\" class=\"wp-image-5297\" srcset=\"https:\/\/www.dfp.ca\/wp-content\/uploads\/2024\/11\/TM-Ebony.jpg 259w, https:\/\/www.dfp.ca\/wp-content\/uploads\/2024\/11\/TM-Ebony-150x150.jpg 150w, https:\/\/www.dfp.ca\/wp-content\/uploads\/2024\/11\/TM-Ebony-24x24.jpg 24w, https:\/\/www.dfp.ca\/wp-content\/uploads\/2024\/11\/TM-Ebony-36x36.jpg 36w, https:\/\/www.dfp.ca\/wp-content\/uploads\/2024\/11\/TM-Ebony-48x48.jpg 48w\" sizes=\"(max-width: 259px) 100vw, 259px\" \/><figcaption class=\"wp-element-caption\"><strong>\u00c9b\u00e8ne<\/strong><br>250 g &#8211; 101040<br>4 lb &#8211; 101041<br>40 lb\u00a0 &#8211; 101043<\/figcaption><\/figure>\n<\/div>\n<\/div>\n\n\n\n<div class=\"wp-block-columns is-layout-flex wp-container-core-columns-is-layout-2 wp-block-columns-is-layout-flex\">\n<div class=\"wp-block-column is-layout-flow wp-block-column-is-layout-flow\">\n<figure class=\"wp-block-image size-full\"><img loading=\"lazy\" decoding=\"async\" width=\"259\" height=\"259\" src=\"https:\/\/www.dfp.ca\/wp-content\/uploads\/2024\/11\/TM-Teak-Heart-Pine.jpg\" alt=\"\" class=\"wp-image-5299\" srcset=\"https:\/\/www.dfp.ca\/wp-content\/uploads\/2024\/11\/TM-Teak-Heart-Pine.jpg 259w, https:\/\/www.dfp.ca\/wp-content\/uploads\/2024\/11\/TM-Teak-Heart-Pine-150x150.jpg 150w, https:\/\/www.dfp.ca\/wp-content\/uploads\/2024\/11\/TM-Teak-Heart-Pine-24x24.jpg 24w, https:\/\/www.dfp.ca\/wp-content\/uploads\/2024\/11\/TM-Teak-Heart-Pine-36x36.jpg 36w, https:\/\/www.dfp.ca\/wp-content\/uploads\/2024\/11\/TM-Teak-Heart-Pine-48x48.jpg 48w\" sizes=\"(max-width: 259px) 100vw, 259px\" \/><figcaption class=\"wp-element-caption\"><strong>Teck \/ c\u0153ur de pin<\/strong><br>250 g &#8211; 101005<br><\/figcaption><\/figure>\n<\/div>\n\n\n\n<div class=\"wp-block-column is-layout-flow wp-block-column-is-layout-flow\">\n<figure class=\"wp-block-image size-full\"><img loading=\"lazy\" decoding=\"async\" width=\"259\" height=\"259\" src=\"https:\/\/www.dfp.ca\/wp-content\/uploads\/2024\/11\/TM-Red-Oak-1.jpg\" alt=\"\" class=\"wp-image-5309\" srcset=\"https:\/\/www.dfp.ca\/wp-content\/uploads\/2024\/11\/TM-Red-Oak-1.jpg 259w, https:\/\/www.dfp.ca\/wp-content\/uploads\/2024\/11\/TM-Red-Oak-1-150x150.jpg 150w, https:\/\/www.dfp.ca\/wp-content\/uploads\/2024\/11\/TM-Red-Oak-1-24x24.jpg 24w, https:\/\/www.dfp.ca\/wp-content\/uploads\/2024\/11\/TM-Red-Oak-1-36x36.jpg 36w, https:\/\/www.dfp.ca\/wp-content\/uploads\/2024\/11\/TM-Red-Oak-1-48x48.jpg 48w\" sizes=\"(max-width: 259px) 100vw, 259px\" \/><figcaption class=\"wp-element-caption\"><strong>Ch\u00eane rouge<br><\/strong>250 g &#8211; 101035<br>4 lb &#8211; 101036<br>16 lb\u00a0 &#8211; 101037<\/figcaption><\/figure>\n<\/div>\n\n\n\n<div class=\"wp-block-column is-layout-flow wp-block-column-is-layout-flow\">\n<figure class=\"wp-block-image size-full\"><img loading=\"lazy\" decoding=\"async\" width=\"259\" height=\"259\" src=\"https:\/\/www.dfp.ca\/wp-content\/uploads\/2024\/11\/TM-Tasmanian-Oak-1.jpg\" alt=\"\" class=\"wp-image-5307\" srcset=\"https:\/\/www.dfp.ca\/wp-content\/uploads\/2024\/11\/TM-Tasmanian-Oak-1.jpg 259w, https:\/\/www.dfp.ca\/wp-content\/uploads\/2024\/11\/TM-Tasmanian-Oak-1-150x150.jpg 150w, https:\/\/www.dfp.ca\/wp-content\/uploads\/2024\/11\/TM-Tasmanian-Oak-1-24x24.jpg 24w, https:\/\/www.dfp.ca\/wp-content\/uploads\/2024\/11\/TM-Tasmanian-Oak-1-36x36.jpg 36w, https:\/\/www.dfp.ca\/wp-content\/uploads\/2024\/11\/TM-Tasmanian-Oak-1-48x48.jpg 48w\" sizes=\"(max-width: 259px) 100vw, 259px\" \/><figcaption class=\"wp-element-caption\"><strong>Ch\u00eane tasmanie<\/strong><br>250 g &#8211; 101045<br><\/figcaption><\/figure>\n<\/div>\n\n\n\n<div class=\"wp-block-column is-layout-flow wp-block-column-is-layout-flow\">\n<figure class=\"wp-block-image size-full is-resized\"><img loading=\"lazy\" decoding=\"async\" width=\"259\" height=\"259\" src=\"https:\/\/www.dfp.ca\/wp-content\/uploads\/2024\/11\/TM-Cherry.jpg\" alt=\"\" class=\"wp-image-5305\" style=\"width:219px;height:auto\" srcset=\"https:\/\/www.dfp.ca\/wp-content\/uploads\/2024\/11\/TM-Cherry.jpg 259w, https:\/\/www.dfp.ca\/wp-content\/uploads\/2024\/11\/TM-Cherry-150x150.jpg 150w, https:\/\/www.dfp.ca\/wp-content\/uploads\/2024\/11\/TM-Cherry-24x24.jpg 24w, https:\/\/www.dfp.ca\/wp-content\/uploads\/2024\/11\/TM-Cherry-36x36.jpg 36w, https:\/\/www.dfp.ca\/wp-content\/uploads\/2024\/11\/TM-Cherry-48x48.jpg 48w\" sizes=\"(max-width: 259px) 100vw, 259px\" \/><figcaption class=\"wp-element-caption\"><strong>Cerise<\/strong><br>250 g &#8211; 101015<br><\/figcaption><\/figure>\n<\/div>\n<\/div>\n\n\n\n<div class=\"wp-block-columns is-layout-flex wp-container-core-columns-is-layout-3 wp-block-columns-is-layout-flex\">\n<div class=\"wp-block-column is-layout-flow wp-block-column-is-layout-flow\">\n<figure class=\"wp-block-image size-full\"><img loading=\"lazy\" decoding=\"async\" width=\"259\" height=\"259\" src=\"https:\/\/www.dfp.ca\/wp-content\/uploads\/2024\/11\/TM-Maple-Beech-Pine.jpg\" alt=\"\" class=\"wp-image-5311\" srcset=\"https:\/\/www.dfp.ca\/wp-content\/uploads\/2024\/11\/TM-Maple-Beech-Pine.jpg 259w, https:\/\/www.dfp.ca\/wp-content\/uploads\/2024\/11\/TM-Maple-Beech-Pine-150x150.jpg 150w, https:\/\/www.dfp.ca\/wp-content\/uploads\/2024\/11\/TM-Maple-Beech-Pine-24x24.jpg 24w, https:\/\/www.dfp.ca\/wp-content\/uploads\/2024\/11\/TM-Maple-Beech-Pine-36x36.jpg 36w, https:\/\/www.dfp.ca\/wp-content\/uploads\/2024\/11\/TM-Maple-Beech-Pine-48x48.jpg 48w\" sizes=\"(max-width: 259px) 100vw, 259px\" \/><figcaption class=\"wp-element-caption\"><strong>\u00c9rable \/ h\u00eatre \/ pin<br><\/strong>250 g &#8211; 101025<br>4 lb &#8211; 101026<br>16 lb\u00a0 &#8211; 101027<\/figcaption><\/figure>\n<\/div>\n\n\n\n<div class=\"wp-block-column is-layout-flow wp-block-column-is-layout-flow\">\n<figure class=\"wp-block-image size-full\"><img loading=\"lazy\" decoding=\"async\" width=\"259\" height=\"259\" src=\"https:\/\/www.dfp.ca\/wp-content\/uploads\/2024\/11\/TM-Natural-Tint-Base.jpg\" alt=\"\" class=\"wp-image-5313\" srcset=\"https:\/\/www.dfp.ca\/wp-content\/uploads\/2024\/11\/TM-Natural-Tint-Base.jpg 259w, https:\/\/www.dfp.ca\/wp-content\/uploads\/2024\/11\/TM-Natural-Tint-Base-150x150.jpg 150w, https:\/\/www.dfp.ca\/wp-content\/uploads\/2024\/11\/TM-Natural-Tint-Base-24x24.jpg 24w, https:\/\/www.dfp.ca\/wp-content\/uploads\/2024\/11\/TM-Natural-Tint-Base-36x36.jpg 36w, https:\/\/www.dfp.ca\/wp-content\/uploads\/2024\/11\/TM-Natural-Tint-Base-48x48.jpg 48w\" sizes=\"(max-width: 259px) 100vw, 259px\" \/><figcaption class=\"wp-element-caption\"><strong>Naturel \u00e0 teinter\u00a0<\/strong><br>250 g &#8211; 101030<br>4 lb &#8211; 101031<br>16 lb\u00a0 &#8211; 101032<\/figcaption><\/figure>\n<\/div>\n\n\n\n<div class=\"wp-block-column is-layout-flow wp-block-column-is-layout-flow\">\n<figure class=\"wp-block-image size-full\"><img loading=\"lazy\" decoding=\"async\" width=\"259\" height=\"259\" src=\"https:\/\/www.dfp.ca\/wp-content\/uploads\/2024\/11\/TM-Walnut.jpg\" alt=\"\" class=\"wp-image-5315\" srcset=\"https:\/\/www.dfp.ca\/wp-content\/uploads\/2024\/11\/TM-Walnut.jpg 259w, https:\/\/www.dfp.ca\/wp-content\/uploads\/2024\/11\/TM-Walnut-150x150.jpg 150w, https:\/\/www.dfp.ca\/wp-content\/uploads\/2024\/11\/TM-Walnut-24x24.jpg 24w, https:\/\/www.dfp.ca\/wp-content\/uploads\/2024\/11\/TM-Walnut-36x36.jpg 36w, https:\/\/www.dfp.ca\/wp-content\/uploads\/2024\/11\/TM-Walnut-48x48.jpg 48w\" sizes=\"(max-width: 259px) 100vw, 259px\" \/><figcaption class=\"wp-element-caption\"><strong>Noyer<\/strong><br>250 g &#8211; 101050<br>4 lb &#8211; 101051<br><\/figcaption><\/figure>\n<\/div>\n\n\n\n<div class=\"wp-block-column is-layout-flow wp-block-column-is-layout-flow\">\n<figure class=\"wp-block-image size-full is-resized\"><img loading=\"lazy\" decoding=\"async\" width=\"259\" height=\"259\" src=\"https:\/\/www.dfp.ca\/wp-content\/uploads\/2024\/11\/TM-Chestnut.jpg\" alt=\"\" class=\"wp-image-5317\" style=\"width:219px;height:auto\" srcset=\"https:\/\/www.dfp.ca\/wp-content\/uploads\/2024\/11\/TM-Chestnut.jpg 259w, https:\/\/www.dfp.ca\/wp-content\/uploads\/2024\/11\/TM-Chestnut-150x150.jpg 150w, https:\/\/www.dfp.ca\/wp-content\/uploads\/2024\/11\/TM-Chestnut-24x24.jpg 24w, https:\/\/www.dfp.ca\/wp-content\/uploads\/2024\/11\/TM-Chestnut-36x36.jpg 36w, https:\/\/www.dfp.ca\/wp-content\/uploads\/2024\/11\/TM-Chestnut-48x48.jpg 48w\" sizes=\"(max-width: 259px) 100vw, 259px\" \/><figcaption class=\"wp-element-caption\"><strong>Ch\u00e2taigne<br><\/strong>250 g &#8211; 101000<br>4 lb &#8211; 101001<br><\/figcaption><\/figure>\n<\/div>\n<\/div>\n\n\n\n<div class=\"wp-block-columns is-layout-flex wp-container-core-columns-is-layout-4 wp-block-columns-is-layout-flex\">\n<div class=\"wp-block-column is-layout-flow wp-block-column-is-layout-flow\">\n<figure class=\"wp-block-image size-full\"><img loading=\"lazy\" decoding=\"async\" width=\"259\" height=\"259\" src=\"https:\/\/www.dfp.ca\/wp-content\/uploads\/2024\/11\/TM-Brazillian-Cherry.jpg\" alt=\"\" class=\"wp-image-5319\" srcset=\"https:\/\/www.dfp.ca\/wp-content\/uploads\/2024\/11\/TM-Brazillian-Cherry.jpg 259w, https:\/\/www.dfp.ca\/wp-content\/uploads\/2024\/11\/TM-Brazillian-Cherry-150x150.jpg 150w, https:\/\/www.dfp.ca\/wp-content\/uploads\/2024\/11\/TM-Brazillian-Cherry-24x24.jpg 24w, https:\/\/www.dfp.ca\/wp-content\/uploads\/2024\/11\/TM-Brazillian-Cherry-36x36.jpg 36w, https:\/\/www.dfp.ca\/wp-content\/uploads\/2024\/11\/TM-Brazillian-Cherry-48x48.jpg 48w\" sizes=\"(max-width: 259px) 100vw, 259px\" \/><figcaption class=\"wp-element-caption\"><strong>Cerisier br\u00e9silien<\/strong><br>250 g &#8211; 101010<\/figcaption><\/figure>\n<\/div>\n\n\n\n<div class=\"wp-block-column is-layout-flow wp-block-column-is-layout-flow\">\n<figure class=\"wp-block-image size-full\"><img loading=\"lazy\" decoding=\"async\" width=\"259\" height=\"259\" src=\"https:\/\/www.dfp.ca\/wp-content\/uploads\/2024\/11\/TM-Alder.jpg\" alt=\"\" class=\"wp-image-5321\" srcset=\"https:\/\/www.dfp.ca\/wp-content\/uploads\/2024\/11\/TM-Alder.jpg 259w, https:\/\/www.dfp.ca\/wp-content\/uploads\/2024\/11\/TM-Alder-150x150.jpg 150w, https:\/\/www.dfp.ca\/wp-content\/uploads\/2024\/11\/TM-Alder-24x24.jpg 24w, https:\/\/www.dfp.ca\/wp-content\/uploads\/2024\/11\/TM-Alder-36x36.jpg 36w, https:\/\/www.dfp.ca\/wp-content\/uploads\/2024\/11\/TM-Alder-48x48.jpg 48w\" sizes=\"(max-width: 259px) 100vw, 259px\" \/><figcaption class=\"wp-element-caption\"><strong>Aulne<\/strong><br>250 g &#8211; 101065<br>4 lb &#8211; 101066<br><\/figcaption><\/figure>\n<\/div>\n\n\n\n<div class=\"wp-block-column is-layout-flow wp-block-column-is-layout-flow\">\n<figure class=\"wp-block-image size-full\"><a href=\"https:\/\/www.dfp.ca\/wp-content\/uploads\/2024\/11\/timbermate-multfill.jpg\"><img loading=\"lazy\" decoding=\"async\" width=\"222\" height=\"350\" src=\"https:\/\/www.dfp.ca\/wp-content\/uploads\/2024\/11\/timbermate-multfill.jpg\" alt=\"\" class=\"wp-image-5293\" srcset=\"https:\/\/www.dfp.ca\/wp-content\/uploads\/2024\/11\/timbermate-multfill.jpg 222w, https:\/\/www.dfp.ca\/wp-content\/uploads\/2024\/11\/timbermate-multfill-190x300.jpg 190w, https:\/\/www.dfp.ca\/wp-content\/uploads\/2024\/11\/timbermate-multfill-15x24.jpg 15w, https:\/\/www.dfp.ca\/wp-content\/uploads\/2024\/11\/timbermate-multfill-23x36.jpg 23w, https:\/\/www.dfp.ca\/wp-content\/uploads\/2024\/11\/timbermate-multfill-30x48.jpg 30w\" sizes=\"(max-width: 222px) 100vw, 222px\" \/><\/a><\/figure>\n<\/div>\n\n\n\n<div class=\"wp-block-column is-layout-flow wp-block-column-is-layout-flow\">\n<p><br><br>Aussi disponible :<br><br><strong>Earl\u2019s Multifill\u00a0<\/strong><br>7 oz &#8211; 101069<br>2 lb &#8211; 101070<\/p>\n<\/div>\n<\/div>\n\n\n\n<p><\/p>\n","protected":false},"excerpt":{"rendered":"<p>&nbsp; Aussi disponible : Earl\u2019s Multifill\u00a07 oz &#8211; 1010692 lb &#8211; 101070<\/p>\n","protected":false},"author":1,"featured_media":0,"parent":583,"menu_order":0,"comment_status":"closed","ping_status":"closed","template":"template-left-sidebar.php","meta":{"footnotes":""},"class_list":["post-585","page","type-page","status-publish","hentry"],"_links":{"self":[{"href":"https:\/\/www.dfp.ca\/fr\/wp-json\/wp\/v2\/pages\/585"}],"collection":[{"href":"https:\/\/www.dfp.ca\/fr\/wp-json\/wp\/v2\/pages"}],"about":[{"href":"https:\/\/www.dfp.ca\/fr\/wp-json\/wp\/v2\/types\/page"}],"author":[{"embeddable":true,"href":"https:\/\/www.dfp.ca\/fr\/wp-json\/wp\/v2\/users\/1"}],"replies":[{"embeddable":true,"href":"https:\/\/www.dfp.ca\/fr\/wp-json\/wp\/v2\/comments?post=585"}],"version-history":[{"count":5,"href":"https:\/\/www.dfp.ca\/fr\/wp-json\/wp\/v2\/pages\/585\/revisions"}],"predecessor-version":[{"id":5325,"href":"https:\/\/www.dfp.ca\/fr\/wp-json\/wp\/v2\/pages\/585\/revisions\/5325"}],"up":[{"embeddable":true,"href":"https:\/\/www.dfp.ca\/fr\/wp-json\/wp\/v2\/pages\/583"}],"wp:attachment":[{"href":"https:\/\/www.dfp.ca\/fr\/wp-json\/wp\/v2\/media?parent=585"}],"curies":[{"name":"wp","href":"https:\/\/api.w.org\/{rel}","templated":true}]}}