{"id":607,"date":"2016-07-04T17:33:20","date_gmt":"2016-07-04T21:33:20","guid":{"rendered":"http:\/\/www.dfp.ca\/fr\/?page_id=607"},"modified":"2024-11-06T14:44:01","modified_gmt":"2024-11-06T19:44:01","slug":"quickwood","status":"publish","type":"page","link":"https:\/\/www.dfp.ca\/fr\/bois\/mastic-adhesifs-et-abrasifs\/remplisseurs\/quickwood\/","title":{"rendered":"MASTIC \u00c9POXYDE \u00c0 DURCISSEMENT RAPIDE POUR BOIS"},"content":{"rendered":"\n<figure class=\"wp-block-image size-full\"><a href=\"https:\/\/www.dfp.ca\/wp-content\/uploads\/2024\/11\/DFP-QuickCure-2024.jpg\"><img loading=\"lazy\" decoding=\"async\" width=\"1000\" height=\"410\" src=\"https:\/\/www.dfp.ca\/wp-content\/uploads\/2024\/11\/DFP-QuickCure-2024.jpg\" alt=\"\" class=\"wp-image-5339\" srcset=\"https:\/\/www.dfp.ca\/wp-content\/uploads\/2024\/11\/DFP-QuickCure-2024.jpg 1000w, https:\/\/www.dfp.ca\/wp-content\/uploads\/2024\/11\/DFP-QuickCure-2024-300x123.jpg 300w, https:\/\/www.dfp.ca\/wp-content\/uploads\/2024\/11\/DFP-QuickCure-2024-768x315.jpg 768w, https:\/\/www.dfp.ca\/wp-content\/uploads\/2024\/11\/DFP-QuickCure-2024-24x10.jpg 24w, https:\/\/www.dfp.ca\/wp-content\/uploads\/2024\/11\/DFP-QuickCure-2024-36x15.jpg 36w, https:\/\/www.dfp.ca\/wp-content\/uploads\/2024\/11\/DFP-QuickCure-2024-48x20.jpg 48w\" sizes=\"(max-width: 1000px) 100vw, 1000px\" \/><\/a><\/figure>\n\n\n\n<p>Peut \u00eatre utilis\u00e9 pour r\u00e9parer, reconstruire ou restaurer tout ce qui est fabriqu\u00e9 en bois ou en stratifi\u00e9. Il est facile \u00e0 utiliser et offert dans la teinte bois naturel. Le mastic \u00e9poxyde \u00e0 durcissement rapide pour bois est un syst\u00e8me \u00e0 deux composants \u00e0 base d\u2019\u00e9poxy. Il suffit de couper la quantit\u00e9 requise et de p\u00e9trir jusqu\u2019\u00e0 ce que la couleur soit uniforme et que le m\u00e9lange commence \u00e0 chauffer. Appliquez sur la zone endommag\u00e9e, puis nivelez et modelez la surface devant \u00eatre r\u00e9par\u00e9e. Peut \u00eatre perc\u00e9, sci\u00e9, sculpt\u00e9, ponc\u00e9, teint ou peint. La solution id\u00e9ale pour tout travailleur du bois. Sp\u00e9cialement emball\u00e9 dans un petit tube de forme cylindrique. Parfait pour le travail sur place.<\/p>\n\n\n\n<div class=\"wp-block-columns is-layout-flex wp-container-core-columns-is-layout-1 wp-block-columns-is-layout-flex\">\n<div class=\"wp-block-column is-layout-flow wp-block-column-is-layout-flow\">\n<figure class=\"wp-block-image size-large\"><a href=\"https:\/\/www.dfp.ca\/wp-content\/uploads\/2021\/05\/Quickwood-Natural.jpg\"><img loading=\"lazy\" decoding=\"async\" width=\"600\" height=\"600\" src=\"https:\/\/www.dfp.ca\/wp-content\/uploads\/2021\/05\/Quickwood-Natural.jpg\" alt=\"\" class=\"wp-image-4396\" srcset=\"https:\/\/www.dfp.ca\/wp-content\/uploads\/2021\/05\/Quickwood-Natural.jpg 600w, https:\/\/www.dfp.ca\/wp-content\/uploads\/2021\/05\/Quickwood-Natural-300x300.jpg 300w, https:\/\/www.dfp.ca\/wp-content\/uploads\/2021\/05\/Quickwood-Natural-150x150.jpg 150w, https:\/\/www.dfp.ca\/wp-content\/uploads\/2021\/05\/Quickwood-Natural-48x48.jpg 48w, https:\/\/www.dfp.ca\/wp-content\/uploads\/2021\/05\/Quickwood-Natural-250x250.jpg 250w, https:\/\/www.dfp.ca\/wp-content\/uploads\/2021\/05\/Quickwood-Natural-550x550.jpg 550w, https:\/\/www.dfp.ca\/wp-content\/uploads\/2021\/05\/Quickwood-Natural-180x180.jpg 180w, https:\/\/www.dfp.ca\/wp-content\/uploads\/2021\/05\/Quickwood-Natural-500x500.jpg 500w, https:\/\/www.dfp.ca\/wp-content\/uploads\/2021\/05\/Quickwood-Natural-24x24.jpg 24w, https:\/\/www.dfp.ca\/wp-content\/uploads\/2021\/05\/Quickwood-Natural-36x36.jpg 36w\" sizes=\"(max-width: 600px) 100vw, 600px\" \/><\/a><figcaption class=\"wp-element-caption\">640200<br>Naturel<\/figcaption><\/figure>\n<\/div>\n\n\n\n<div class=\"wp-block-column is-layout-flow wp-block-column-is-layout-flow\"><\/div>\n\n\n\n<div class=\"wp-block-column is-layout-flow wp-block-column-is-layout-flow\"><\/div>\n\n\n\n<div class=\"wp-block-column is-layout-flow wp-block-column-is-layout-flow\"><\/div>\n<\/div>\n\n\n\n<p><\/p>\n","protected":false},"excerpt":{"rendered":"<p>Peut \u00eatre utilis\u00e9 pour r\u00e9parer, reconstruire ou restaurer tout ce qui est fabriqu\u00e9 en bois ou en stratifi\u00e9. Il est facile \u00e0 utiliser et offert dans la teinte bois naturel. Le mastic \u00e9poxyde \u00e0 durcissement rapide pour bois est un syst\u00e8me \u00e0 deux composants \u00e0 base d\u2019\u00e9poxy. Il suffit de couper la quantit\u00e9 requise et [&hellip;]<\/p>\n","protected":false},"author":1,"featured_media":0,"parent":583,"menu_order":0,"comment_status":"closed","ping_status":"closed","template":"template-left-sidebar.php","meta":{"footnotes":""},"class_list":["post-607","page","type-page","status-publish","hentry"],"_links":{"self":[{"href":"https:\/\/www.dfp.ca\/fr\/wp-json\/wp\/v2\/pages\/607"}],"collection":[{"href":"https:\/\/www.dfp.ca\/fr\/wp-json\/wp\/v2\/pages"}],"about":[{"href":"https:\/\/www.dfp.ca\/fr\/wp-json\/wp\/v2\/types\/page"}],"author":[{"embeddable":true,"href":"https:\/\/www.dfp.ca\/fr\/wp-json\/wp\/v2\/users\/1"}],"replies":[{"embeddable":true,"href":"https:\/\/www.dfp.ca\/fr\/wp-json\/wp\/v2\/comments?post=607"}],"version-history":[{"count":15,"href":"https:\/\/www.dfp.ca\/fr\/wp-json\/wp\/v2\/pages\/607\/revisions"}],"predecessor-version":[{"id":5342,"href":"https:\/\/www.dfp.ca\/fr\/wp-json\/wp\/v2\/pages\/607\/revisions\/5342"}],"up":[{"embeddable":true,"href":"https:\/\/www.dfp.ca\/fr\/wp-json\/wp\/v2\/pages\/583"}],"wp:attachment":[{"href":"https:\/\/www.dfp.ca\/fr\/wp-json\/wp\/v2\/media?parent=607"}],"curies":[{"name":"wp","href":"https:\/\/api.w.org\/{rel}","templated":true}]}}