{"id":621,"date":"2016-07-04T17:55:03","date_gmt":"2016-07-04T21:55:03","guid":{"rendered":"http:\/\/www.dfp.ca\/fr\/?page_id=621"},"modified":"2024-11-06T15:00:34","modified_gmt":"2024-11-06T20:00:34","slug":"seamfil","status":"publish","type":"page","link":"https:\/\/www.dfp.ca\/fr\/bois\/mastic-adhesifs-et-abrasifs\/remplisseurs\/seamfil\/","title":{"rendered":"R\u00c9PARATION POUR STRATIFI\u00c9 SEAMFIL"},"content":{"rendered":"<div class=\"wp-block-image\">\n<figure class=\"alignright size-full\"><img loading=\"lazy\" decoding=\"async\" width=\"500\" height=\"500\" src=\"https:\/\/www.dfp.ca\/wp-content\/uploads\/2024\/11\/Seamfil-Kit-2024-500.jpg\" alt=\"\" class=\"wp-image-5275\" srcset=\"https:\/\/www.dfp.ca\/wp-content\/uploads\/2024\/11\/Seamfil-Kit-2024-500.jpg 500w, https:\/\/www.dfp.ca\/wp-content\/uploads\/2024\/11\/Seamfil-Kit-2024-500-300x300.jpg 300w, https:\/\/www.dfp.ca\/wp-content\/uploads\/2024\/11\/Seamfil-Kit-2024-500-150x150.jpg 150w, https:\/\/www.dfp.ca\/wp-content\/uploads\/2024\/11\/Seamfil-Kit-2024-500-24x24.jpg 24w, https:\/\/www.dfp.ca\/wp-content\/uploads\/2024\/11\/Seamfil-Kit-2024-500-36x36.jpg 36w, https:\/\/www.dfp.ca\/wp-content\/uploads\/2024\/11\/Seamfil-Kit-2024-500-48x48.jpg 48w\" sizes=\"(max-width: 500px) 100vw, 500px\" \/><\/figure><\/div>\n\n\n<p style=\"font-size:1.6em\"><strong>LA R\u00c9PARATION ORIGINALE POUR STRATIFI\u00c9<\/strong><\/p>\n\n\n\n<p>SeamFil est utilis\u00e9e depuis les ann\u00e9es 1950 pour r\u00e9parer les petites entailles et rainures (1\/4 po. de diam\u00e8tre ou moins) des stratifi\u00e9s que l\u2019on trouve dans les cuisines et les salles de bains. Il s\u2019agit du premier produit de r\u00e9paration pour les comptoirs en stratifi\u00e9. SeamFil est \u00e9galement con\u00e7ue pour remplir les joints entre les feuilles de stratifi\u00e9.&nbsp;<\/p>\n\n\n\n<p>SeamFil r\u00e9pare facilement les entailles, les joints et les rainures. Il adh\u00e8re facilement au substrat du stratifi\u00e9. Il durcit rapidement et devient un \u00e9l\u00e9ment permanent de la surface du stratifi\u00e9. Il r\u00e9siste \u00e0 l\u2019humidit\u00e9, aux d\u00e9tergents et autres produits m\u00e9nagers aussi efficacement que tout stratifi\u00e9 d\u2019origine.<\/p>\n\n\n\n<ul class=\"wp-block-list\">\n<li>Les applications habituelles sont le remplissage de joints standard, de fissures, d\u2019\u00e9clats et autres imperfections o\u00f9 le substrat fonc\u00e9 est visible<\/li>\n\n\n\n<li>SeamFil cachera magnifiquement les d\u00e9fauts pendant toute la dur\u00e9e de vie du dessus<br>du comptoir<\/li>\n\n\n\n<li>Des chartes de m\u00e9lange de couleurs sont offertes pour les stratifi\u00e9s de marque Formica, Nevamar, Pionite et Wilsonart International<\/li>\n<\/ul>\n\n\n\n<p style=\"font-size:1.6em\"><strong>TROUSSE DE R\u00c9PARATION SEAMFIL POUR PLASTIQUE STRATIFI\u00c9<\/strong><\/p>\n\n\n\n<p>Cette trousse a \u00e9t\u00e9 con\u00e7ue afin de fournir les outils n\u00e9cessaires \u00e0 la cr\u00e9ation de couleurs SeamFil personnalis\u00e9es et d\u2019ainsi r\u00e9ussir avec succ\u00e8s des r\u00e9parations de stratifi\u00e9s. La trousse comprend onze tubes de 1 oz de couleurs SeamFil, un retardateur de 1 oz, une demi-pinte de solvant SF-99, un couteau \u00e0 mastic et un guide de m\u00e9lange de couleurs facile \u00e0 utiliser.<\/p>\n\n\n\n<p>Les 11 couleurs sont les suivantes : blanc, gris, havane, brun, noir, jaune primaire, rouge primaire, orange, amande, vert spectral, bleu spectral<\/p>\n\n\n\n<figure class=\"wp-block-table\"><table><tbody><tr><td><strong>Article<\/strong><\/td><td><strong>Description<\/strong><\/td><\/tr><tr><td>786000<\/td><td>Trousse de r\u00e9paration SeamFil pour plastique stratifi\u00e9<\/td><\/tr><\/tbody><\/table><\/figure>\n\n\n\n<p style=\"font-size:1.6em\"><strong>ACCESSORIES<\/strong><\/p>\n\n\n\n<figure class=\"wp-block-table\"><table><tbody><tr><td><strong>Article<\/strong><\/td><td><strong>Description<\/strong><\/td><\/tr><tr><td>786170<\/td><td>Spatule \u00e0 mastique (Le bout arrondi emp\u00eachent d\u2019\u00e9gratigner la surface)<\/td><\/tr><\/tbody><\/table><\/figure>\n\n\n\n<p style=\"font-size:1.6em\"><strong>TUBES INDIVIDUELS<\/strong><\/p>\n\n\n<div id=\"c6954\" class=\"csc-default\">\n<table class=\"contenttable contenttable-0\" style=\"font-size: 15px; width: 884px; height: 2197px;\">\n<tbody>\n<tr class=\"tr-even tr-0\" style=\"height: 19px;\">\n<td class=\"td-0\" style=\"width: 100px; height: 19px;\"><b>Article\u00a0<\/b><\/td>\n<td class=\"td-1\" style=\"width: 483px; height: 19px;\"><b>Description<\/b><\/td>\n<td class=\"td-last td-2\" style=\"width: 301px; height: 19px;\"><b>Couleur<\/b><\/td>\n<\/tr>\n<tr class=\"tr-odd tr-1\" style=\"height: 99px;\">\n<td class=\"td-0\" style=\"width: 100px; height: 99px;\">\n<p>785901<\/p>\n<p>\u00a0<\/p>\n<\/td>\n<td class=\"td-1\" style=\"width: 483px; height: 99px;\">\n<p>Blanc<\/p>\n<p>\u00a0<\/p>\n<\/td>\n<td style=\"width: 301px; height: 99px;\">\u00a0<\/td>\n<\/tr>\n<tr class=\"tr-even tr-2\" style=\"height: 99px;\">\n<td class=\"td-0\" style=\"width: 100px; height: 99px;\">\n<p>785902<\/p>\n<p>\u00a0<\/p>\n<\/td>\n<td class=\"td-1\" style=\"width: 483px; height: 99px;\">\n<p>Gris*<\/p>\n<p>\u00a0<\/p>\n<\/td>\n<td style=\"background-color: #a4a48c; width: 301px; height: 99px;\">\u00a0<\/td>\n<\/tr>\n<tr class=\"tr-odd tr-3\" style=\"height: 99px;\">\n<td class=\"td-0\" style=\"width: 100px; height: 99px;\">\n<p>785903<\/p>\n<p>\u00a0<\/p>\n<\/td>\n<td class=\"td-1\" style=\"width: 483px; height: 99px;\">\n<p>Gris Fonc\u00e9*<\/p>\n<p>\u00a0<\/p>\n<\/td>\n<td style=\"background-color: #a6a671; width: 301px; height: 99px;\">\u00a0<\/td>\n<\/tr>\n<tr class=\"tr-even tr-4\" style=\"height: 99px;\">\n<td class=\"td-0\" style=\"width: 100px; height: 99px;\">\n<p>785904<\/p>\n<p>\u00a0<\/p>\n<\/td>\n<td class=\"td-1\" style=\"width: 483px; height: 99px;\">\n<p>Havane*<\/p>\n<p>\u00a0<\/p>\n<\/td>\n<td style=\"background-color: #dfb376; width: 301px; height: 99px;\">\u00a0<\/td>\n<\/tr>\n<tr class=\"tr-odd tr-5\" style=\"height: 99px;\">\n<td class=\"td-0\" style=\"width: 100px; height: 99px;\">\n<p>785913<\/p>\n<p>\u00a0<\/p>\n<\/td>\n<td class=\"td-1\" style=\"width: 483px; height: 99px;\">\n<p>Brun*<\/p>\n<p>\u00a0<\/p>\n<\/td>\n<td style=\"background-color: #463426; width: 301px; height: 99px;\">\u00a0<\/td>\n<\/tr>\n<tr class=\"tr-even tr-6\" style=\"height: 99px;\">\n<td class=\"td-0\" style=\"width: 100px; height: 99px;\">\n<p>785914<\/p>\n<p>\u00a0<\/p>\n<\/td>\n<td class=\"td-1\" style=\"width: 483px; height: 99px;\">\n<p>Noir<\/p>\n<p>\u00a0<\/p>\n<\/td>\n<td style=\"background-color: #000000; width: 301px; height: 99px;\">\u00a0<\/td>\n<\/tr>\n<tr class=\"tr-odd tr-7\" style=\"height: 99px;\">\n<td class=\"td-0\" style=\"width: 100px; height: 99px;\">\n<p>785918<\/p>\n<p>\u00a0<\/p>\n<\/td>\n<td class=\"td-1\" style=\"width: 483px; height: 99px;\">\n<p>Acajou*<\/p>\n<p>\u00a0<\/p>\n<\/td>\n<td style=\"background-color: #663934; width: 301px; height: 99px;\">\u00a0<\/td>\n<\/tr>\n<tr class=\"tr-even tr-8\" style=\"height: 99px;\">\n<td class=\"td-0\" style=\"width: 100px; height: 99px;\">\n<p>785919<\/p>\n<p>\u00a0<\/p>\n<\/td>\n<td class=\"td-1\" style=\"width: 483px; height: 99px;\">\n<p>Rose*<\/p>\n<p>\u00a0<\/p>\n<\/td>\n<td style=\"background-color: #f3879f; width: 301px; height: 99px;\">\u00a0<\/td>\n<\/tr>\n<tr class=\"tr-odd tr-9\" style=\"height: 99px;\">\n<td class=\"td-0\" style=\"width: 100px; height: 99px;\">\n<p>785931<\/p>\n<p>\u00a0<\/p>\n<\/td>\n<td class=\"td-1\" style=\"width: 483px; height: 99px;\">\n<p>\u00c9rable*<\/p>\n<p>\u00a0<\/p>\n<\/td>\n<td style=\"background-color: #e1a022; width: 301px; height: 99px;\">\u00a0<\/td>\n<\/tr>\n<tr class=\"tr-even tr-10\" style=\"height: 99px;\">\n<td class=\"td-0\" style=\"width: 100px; height: 99px;\">\n<p>785933<\/p>\n<p>\u00a0<\/p>\n<\/td>\n<td class=\"td-1\" style=\"width: 483px; height: 99px;\">\n<p>Teck*<\/p>\n<p>\u00a0<\/p>\n<\/td>\n<td style=\"background-color: #964321; width: 301px; height: 99px;\">\u00a0<\/td>\n<\/tr>\n<tr class=\"tr-odd tr-11\" style=\"height: 99px;\">\n<td class=\"td-0\" style=\"width: 100px; height: 99px;\">\n<p>785934<\/p>\n<p>\u00a0<\/p>\n<\/td>\n<td class=\"td-1\" style=\"width: 483px; height: 99px;\">\n<p>Noyer gris*<\/p>\n<p>\u00a0<\/p>\n<\/td>\n<td style=\"background-color: #695638; width: 301px; height: 99px;\">\u00a0<\/td>\n<\/tr>\n<tr class=\"tr-even tr-12\" style=\"height: 99px;\">\n<td class=\"td-0\" style=\"width: 100px; height: 99px;\">\n<p>785935<\/p>\n<p>\u00a0<\/p>\n<\/td>\n<td class=\"td-1\" style=\"width: 483px; height: 99px;\">\n<p>Bouleau*<\/p>\n<p>\u00a0<\/p>\n<\/td>\n<td style=\"background-color: #fee1b5; width: 301px; height: 99px;\">\u00a0<\/td>\n<\/tr>\n<tr class=\"tr-odd tr-13\" style=\"height: 99px;\">\n<td class=\"td-0\" style=\"width: 100px; height: 99px;\">\n<p>785936<\/p>\n<p>\u00a0<\/p>\n<\/td>\n<td class=\"td-1\" style=\"width: 483px; height: 99px;\">\n<p>Jaune primaire*<\/p>\n<p>\u00a0<\/p>\n<\/td>\n<td style=\"background-color: #fefe20; width: 301px; height: 99px;\">\u00a0<\/td>\n<\/tr>\n<tr class=\"tr-even tr-14\" style=\"height: 99px;\">\n<td class=\"td-0\" style=\"width: 100px; height: 99px;\">\n<p>785937<\/p>\n<p>\u00a0<\/p>\n<\/td>\n<td class=\"td-1\" style=\"width: 483px; height: 99px;\">\n<p>Rouge primaire*<\/p>\n<p>\u00a0<\/p>\n<\/td>\n<td style=\"background-color: #f0202e; width: 301px; height: 99px;\">\u00a0<\/td>\n<\/tr>\n<tr class=\"tr-odd tr-15\" style=\"height: 99px;\">\n<td class=\"td-0\" style=\"width: 100px; height: 99px;\">\n<p>785939<\/p>\n<p>\u00a0<\/p>\n<\/td>\n<td class=\"td-1\" style=\"width: 483px; height: 99px;\">\n<p>Olive*<\/p>\n<p>\u00a0<\/p>\n<\/td>\n<td style=\"background-color: #4f511e; width: 301px; height: 99px;\">\u00a0<\/td>\n<\/tr>\n<tr class=\"tr-even tr-16\" style=\"height: 99px;\">\n<td class=\"td-0\" style=\"width: 100px; height: 99px;\">\n<p>785940<\/p>\n<p>\u00a0<\/p>\n<\/td>\n<td class=\"td-1\" style=\"width: 483px; height: 99px;\">\n<p>Orange*<\/p>\n<p>\u00a0<\/p>\n<\/td>\n<td style=\"background-color: #f77b23; width: 301px; height: 99px;\">\u00a0<\/td>\n<\/tr>\n<tr class=\"tr-odd tr-17\" style=\"height: 99px;\">\n<td class=\"td-0\" style=\"width: 100px; height: 99px;\">\n<p>785941<\/p>\n<p>\u00a0<\/p>\n<\/td>\n<td class=\"td-1\" style=\"width: 483px; height: 99px;\">\n<p>Amande<\/p>\n<p>\u00a0<\/p>\n<\/td>\n<td style=\"background-color: #ffeea6; width: 301px; height: 99px;\">\u00a0<\/td>\n<\/tr>\n<tr class=\"tr-even tr-18\" style=\"height: 99px;\">\n<td class=\"td-0\" style=\"width: 100px; height: 99px;\">\n<p>785942<\/p>\n<p>\u00a0<\/p>\n<\/td>\n<td class=\"td-1\" style=\"width: 483px; height: 99px;\">\n<p>Butcher Block*<\/p>\n<p>\u00a0<\/p>\n<\/td>\n<td style=\"background-color: #ac801f; width: 301px; height: 99px;\">\u00a0<\/td>\n<\/tr>\n<tr class=\"tr-odd tr-19\" style=\"height: 99px;\">\n<td class=\"td-0\" style=\"width: 100px; height: 99px;\">\n<p>785943<\/p>\n<p>\u00a0<\/p>\n<\/td>\n<td class=\"td-1\" style=\"width: 483px; height: 99px;\">\n<p>Lustr\u00e9 transparent*<\/p>\n<p>\u00a0<\/p>\n<\/td>\n<td style=\"width: 301px; height: 99px;\">\u00a0<\/td>\n<\/tr>\n<tr class=\"tr-even tr-20\" style=\"height: 99px;\">\n<td class=\"td-0\" style=\"width: 100px; height: 99px;\">\n<p>785944<\/p>\n<p>\u00a0<\/p>\n<\/td>\n<td class=\"td-1\" style=\"width: 483px; height: 99px;\">\n<p>Rallentisseur<\/p>\n<p>\u00a0<\/p>\n<\/td>\n<td style=\"width: 301px; height: 99px;\">\u00a0<\/td>\n<\/tr>\n<tr class=\"tr-odd tr-21\" style=\"height: 99px;\">\n<td class=\"td-0\" style=\"width: 100px; height: 99px;\">\n<p>785945<\/p>\n<p>\u00a0<\/p>\n<\/td>\n<td class=\"td-1\" style=\"width: 483px; height: 99px;\">\n<p>Vert spectrale*<\/p>\n<p>\u00a0<\/p>\n<\/td>\n<td style=\"background-color: #4da23a; width: 301px; height: 99px;\">\u00a0<\/td>\n<\/tr>\n<tr class=\"tr-even tr-last\" style=\"height: 99px;\">\n<td class=\"td-0\" style=\"width: 100px; height: 99px;\">\n<p>785946<\/p>\n<p>\u00a0<\/p>\n<\/td>\n<td class=\"td-1\" style=\"width: 483px; height: 99px;\">\n<p>Bleu spectrale*<\/p>\n<p>\u00a0<\/p>\n<\/td>\n<td style=\"background-color: #443092; width: 301px; height: 99px;\">\u00a0<\/td>\n<\/tr>\n<\/tbody>\n<\/table>\n<p>\u00a0<\/p>\n<p>*Article sur demande. Peut \u00eatre sujet \u00e0 des quantit\u00e9s minimales<\/p>\n<\/div>","protected":false},"excerpt":{"rendered":"<p>LA R\u00c9PARATION ORIGINALE POUR STRATIFI\u00c9 SeamFil est utilis\u00e9e depuis les ann\u00e9es 1950 pour r\u00e9parer les petites entailles et rainures (1\/4 po. de diam\u00e8tre ou moins) des stratifi\u00e9s que l\u2019on trouve dans les cuisines et les salles de bains. Il s\u2019agit du premier produit de r\u00e9paration pour les comptoirs en stratifi\u00e9. SeamFil est \u00e9galement con\u00e7ue pour [&hellip;]<\/p>\n","protected":false},"author":1,"featured_media":0,"parent":583,"menu_order":0,"comment_status":"closed","ping_status":"closed","template":"template-left-sidebar.php","meta":{"footnotes":""},"class_list":["post-621","page","type-page","status-publish","hentry"],"_links":{"self":[{"href":"https:\/\/www.dfp.ca\/fr\/wp-json\/wp\/v2\/pages\/621"}],"collection":[{"href":"https:\/\/www.dfp.ca\/fr\/wp-json\/wp\/v2\/pages"}],"about":[{"href":"https:\/\/www.dfp.ca\/fr\/wp-json\/wp\/v2\/types\/page"}],"author":[{"embeddable":true,"href":"https:\/\/www.dfp.ca\/fr\/wp-json\/wp\/v2\/users\/1"}],"replies":[{"embeddable":true,"href":"https:\/\/www.dfp.ca\/fr\/wp-json\/wp\/v2\/comments?post=621"}],"version-history":[{"count":6,"href":"https:\/\/www.dfp.ca\/fr\/wp-json\/wp\/v2\/pages\/621\/revisions"}],"predecessor-version":[{"id":5347,"href":"https:\/\/www.dfp.ca\/fr\/wp-json\/wp\/v2\/pages\/621\/revisions\/5347"}],"up":[{"embeddable":true,"href":"https:\/\/www.dfp.ca\/fr\/wp-json\/wp\/v2\/pages\/583"}],"wp:attachment":[{"href":"https:\/\/www.dfp.ca\/fr\/wp-json\/wp\/v2\/media?parent=621"}],"curies":[{"name":"wp","href":"https:\/\/api.w.org\/{rel}","templated":true}]}}