{"id":631,"date":"2016-07-05T10:32:25","date_gmt":"2016-07-05T14:32:25","guid":{"rendered":"http:\/\/www.dfp.ca\/fr\/?page_id=631"},"modified":"2024-11-08T04:54:36","modified_gmt":"2024-11-08T09:54:36","slug":"colle-blanc","status":"publish","type":"page","link":"https:\/\/www.dfp.ca\/fr\/bois\/mastic-adhesifs-et-abrasifs\/colles-2\/colle-blanc\/","title":{"rendered":"COLLE BLANC"},"content":{"rendered":"\n<div class=\"wp-block-media-text has-media-on-the-right is-stacked-on-mobile\"><div class=\"wp-block-media-text__content\">\n<p>Obtient de tr\u00e8s bon r\u00e9sultat sur le bois, le papier, le carton, les textiles et plusieurs autres substrats. Usage tr\u00e8s rependu parmi les restaurateurs de meubles antique. <\/p>\n\n\n\n<p>Offre une adh\u00e9sion initiale \u00e9lev\u00e9, tout en conservant un temps de manipulation assez long. Sa haute r\u00e9sistance et son absence de toxicit\u00e9 en font un excellent choix pour les assemblages. Elle peut \u00eatre sabl\u00e9e et est r\u00e9sistante aux solvants.<\/p>\n\n\n\n<p>Poss\u00e8de une tr\u00e8s faible r\u00e9sistance \u00e0 l\u2019eau une fois s\u00e8che.<\/p>\n<\/div><figure class=\"wp-block-media-text__media\"><img loading=\"lazy\" decoding=\"async\" width=\"500\" height=\"500\" src=\"https:\/\/www.dfp.ca\/wp-content\/uploads\/2024\/01\/WhiteGlue2024.jpg\" alt=\"\" class=\"wp-image-4858 size-full\" srcset=\"https:\/\/www.dfp.ca\/wp-content\/uploads\/2024\/01\/WhiteGlue2024.jpg 500w, https:\/\/www.dfp.ca\/wp-content\/uploads\/2024\/01\/WhiteGlue2024-300x300.jpg 300w, https:\/\/www.dfp.ca\/wp-content\/uploads\/2024\/01\/WhiteGlue2024-150x150.jpg 150w, https:\/\/www.dfp.ca\/wp-content\/uploads\/2024\/01\/WhiteGlue2024-24x24.jpg 24w, https:\/\/www.dfp.ca\/wp-content\/uploads\/2024\/01\/WhiteGlue2024-36x36.jpg 36w, https:\/\/www.dfp.ca\/wp-content\/uploads\/2024\/01\/WhiteGlue2024-48x48.jpg 48w\" sizes=\"(max-width: 500px) 100vw, 500px\" \/><\/figure><\/div>\n\n\n\n<figure class=\"wp-block-table\"><table class=\"has-fixed-layout\"><tbody><tr><td><strong>Article<\/strong><\/td><td><strong>Format<\/strong><\/td><\/tr><tr><td>640430<\/td><td>4 litres<\/td><\/tr><\/tbody><\/table><\/figure>\n","protected":false},"excerpt":{"rendered":"<p>Obtient de tr\u00e8s bon r\u00e9sultat sur le bois, le papier, le carton, les textiles et plusieurs autres substrats. Usage tr\u00e8s rependu parmi les restaurateurs de meubles antique. Offre une adh\u00e9sion initiale \u00e9lev\u00e9, tout en conservant un temps de manipulation assez long. Sa haute r\u00e9sistance et son absence de toxicit\u00e9 en font un excellent choix pour [&hellip;]<\/p>\n","protected":false},"author":1,"featured_media":0,"parent":4541,"menu_order":0,"comment_status":"closed","ping_status":"closed","template":"template-left-sidebar.php","meta":{"footnotes":""},"class_list":["post-631","page","type-page","status-publish","hentry"],"_links":{"self":[{"href":"https:\/\/www.dfp.ca\/fr\/wp-json\/wp\/v2\/pages\/631"}],"collection":[{"href":"https:\/\/www.dfp.ca\/fr\/wp-json\/wp\/v2\/pages"}],"about":[{"href":"https:\/\/www.dfp.ca\/fr\/wp-json\/wp\/v2\/types\/page"}],"author":[{"embeddable":true,"href":"https:\/\/www.dfp.ca\/fr\/wp-json\/wp\/v2\/users\/1"}],"replies":[{"embeddable":true,"href":"https:\/\/www.dfp.ca\/fr\/wp-json\/wp\/v2\/comments?post=631"}],"version-history":[{"count":3,"href":"https:\/\/www.dfp.ca\/fr\/wp-json\/wp\/v2\/pages\/631\/revisions"}],"predecessor-version":[{"id":5476,"href":"https:\/\/www.dfp.ca\/fr\/wp-json\/wp\/v2\/pages\/631\/revisions\/5476"}],"up":[{"embeddable":true,"href":"https:\/\/www.dfp.ca\/fr\/wp-json\/wp\/v2\/pages\/4541"}],"wp:attachment":[{"href":"https:\/\/www.dfp.ca\/fr\/wp-json\/wp\/v2\/media?parent=631"}],"curies":[{"name":"wp","href":"https:\/\/api.w.org\/{rel}","templated":true}]}}