{"id":645,"date":"2016-07-05T10:42:37","date_gmt":"2016-07-05T14:42:37","guid":{"rendered":"http:\/\/www.dfp.ca\/fr\/?page_id=645"},"modified":"2019-05-23T15:43:19","modified_gmt":"2019-05-23T19:43:19","slug":"colle-instantanee-cyanoacrylate","status":"publish","type":"page","link":"https:\/\/www.dfp.ca\/fr\/bois\/mastic-adhesifs-et-abrasifs\/colles-2\/colle-instantanee-cyanoacrylate\/","title":{"rendered":"COLLE INSTANTAN\u00c9E CYANOACRYLATE"},"content":{"rendered":"<div id=\"c6969\" class=\"csc-default\">\n<p><i><a href=\"\/wp-content\/uploads\/2016\/07\/cyanobig.png\"><img loading=\"lazy\" decoding=\"async\" class=\"alignright size-full wp-image-643\" src=\"\/wp-content\/uploads\/2016\/07\/cyano-1.png\" alt=\"cyano\" width=\"300\" height=\"266\" \/><\/a><\/i><\/p>\n<div id=\"c7173\" class=\"csc-default\">\n<p><i>Syst\u00e8me rapide\u2014colle en quelques secondes<\/i><\/p>\n<p>&nbsp;<\/p>\n<p>Presque instantan\u00e9ment cette colle fournit un lien transparent et solide qui \u00e9quivaut \u00e0 une force pouvant atteindre jusqu\u2019\u00e0 5 000 lb\/po2. Poss\u00e8de une excellente r\u00e9sistance aux produits chimiques. \u00c9limine les proc\u00e9dures comme le per\u00e7age, rivetage, soudage, etc. Sans solvant.<\/p>\n<p>&nbsp;<\/p>\n<p><i>Acc\u00e9l\u00e9rateur<\/i><\/p>\n<p>Vaporiser l\u2019acc\u00e9l\u00e9rateur sur une des surfaces, mettre de la colle sur l\u2019autre surface. La colle s\u00e8che en 15 secondes.<\/p>\n<\/div>\n<div id=\"c7174\" class=\"csc-default\">\n<table class=\"contenttable contenttable-0\">\n<tbody>\n<tr class=\"tr-even tr-0\">\n<td class=\"td-0\">Article<\/td>\n<td class=\"td-1\">Description<\/td>\n<td class=\"td-last td-2\">Format<\/td>\n<\/tr>\n<tr class=\"tr-odd tr-1\">\n<td class=\"td-0\">640300<\/td>\n<td class=\"td-1\">Mince, viscosit\u00e9 basse (RG100-1)<\/td>\n<td class=\"td-last td-2\">1 oz.<\/td>\n<\/tr>\n<tr class=\"tr-even tr-2\">\n<td class=\"td-0\">640310<\/td>\n<td class=\"td-1\">Semi-gel, viscosit\u00e9 moyen (RG200-1)<\/td>\n<td class=\"td-last td-2\">1 oz.<\/td>\n<\/tr>\n<tr class=\"tr-odd tr-3\">\n<td class=\"td-0\">640320<\/td>\n<td class=\"td-1\">\u00c9pais, viscosit\u00e9 haute (RG300-1)<\/td>\n<td class=\"td-last td-2\">1 oz.<\/td>\n<\/tr>\n<tr class=\"tr-even tr-last\">\n<td class=\"td-0\">640305<\/td>\n<td class=\"td-1\">Acc\u00e9l\u00e9rateur<\/td>\n<td class=\"td-last td-2\">2 oz.<\/td>\n<\/tr>\n<\/tbody>\n<\/table>\n<\/div>\n<p><i>\u00a0<\/i><\/p>\n<\/div>\n<div id=\"c6966\" class=\"csc-default\"><\/div>\n","protected":false},"excerpt":{"rendered":"<p>Syst\u00e8me rapide\u2014colle en quelques secondes &nbsp; Presque instantan\u00e9ment cette colle fournit un lien transparent et solide qui \u00e9quivaut \u00e0 une force pouvant atteindre jusqu\u2019\u00e0 5 000 lb\/po2. Poss\u00e8de une excellente r\u00e9sistance aux produits chimiques. \u00c9limine les proc\u00e9dures comme le per\u00e7age, rivetage, soudage, etc. Sans solvant. &nbsp; Acc\u00e9l\u00e9rateur Vaporiser l\u2019acc\u00e9l\u00e9rateur sur une des surfaces, mettre de [&hellip;]<\/p>\n","protected":false},"author":1,"featured_media":0,"parent":4541,"menu_order":0,"comment_status":"closed","ping_status":"closed","template":"template-left-sidebar.php","meta":{"footnotes":""},"class_list":["post-645","page","type-page","status-publish","hentry"],"_links":{"self":[{"href":"https:\/\/www.dfp.ca\/fr\/wp-json\/wp\/v2\/pages\/645"}],"collection":[{"href":"https:\/\/www.dfp.ca\/fr\/wp-json\/wp\/v2\/pages"}],"about":[{"href":"https:\/\/www.dfp.ca\/fr\/wp-json\/wp\/v2\/types\/page"}],"author":[{"embeddable":true,"href":"https:\/\/www.dfp.ca\/fr\/wp-json\/wp\/v2\/users\/1"}],"replies":[{"embeddable":true,"href":"https:\/\/www.dfp.ca\/fr\/wp-json\/wp\/v2\/comments?post=645"}],"version-history":[{"count":2,"href":"https:\/\/www.dfp.ca\/fr\/wp-json\/wp\/v2\/pages\/645\/revisions"}],"predecessor-version":[{"id":2677,"href":"https:\/\/www.dfp.ca\/fr\/wp-json\/wp\/v2\/pages\/645\/revisions\/2677"}],"up":[{"embeddable":true,"href":"https:\/\/www.dfp.ca\/fr\/wp-json\/wp\/v2\/pages\/4541"}],"wp:attachment":[{"href":"https:\/\/www.dfp.ca\/fr\/wp-json\/wp\/v2\/media?parent=645"}],"curies":[{"name":"wp","href":"https:\/\/api.w.org\/{rel}","templated":true}]}}