{"id":657,"date":"2016-07-05T10:52:19","date_gmt":"2016-07-05T14:52:19","guid":{"rendered":"http:\/\/www.dfp.ca\/fr\/?page_id=657"},"modified":"2024-01-23T06:32:00","modified_gmt":"2024-01-23T11:32:00","slug":"laine-dacier","status":"publish","type":"page","link":"https:\/\/www.dfp.ca\/fr\/bois\/mastic-adhesifs-et-abrasifs\/abrasifs\/laine-dacier\/","title":{"rendered":"LAINE D&#8217;ACIER"},"content":{"rendered":"\n<div class=\"wp-block-media-text has-media-on-the-right is-stacked-on-mobile\"><div class=\"wp-block-media-text__content\">\n<p>La laine d&#8217;acier est tr\u00e8s polyvalente et peut \u00eatre utilis\u00e9e pour un grand nombre de t\u00e2ches m\u00e9nag\u00e8res, de remodelage, de finition de meubles et de construction. La laine d&#8217;acier peut servir au nettoyage, au polissage, au lustrage et \u00e0 la remise \u00e0 neuf. C&#8217;est le choix id\u00e9al des bricoleurs et des entrepreneurs professionnels (Is this necessary ? pour le nettoyage, le lissage et le polissage. Les calibres les plus rudes (n\u00b0 1, 2, 3) sont g\u00e9n\u00e9ralement utilis\u00e9s pour le nettoyage et pour retirer des mat\u00e9riaux de surface. Pour de nombreuses applications industrielles, professionnelles et d&#8217;entretien<\/p>\n<\/div><figure class=\"wp-block-media-text__media\"><img loading=\"lazy\" decoding=\"async\" width=\"1005\" height=\"1024\" src=\"https:\/\/www.dfp.ca\/wp-content\/uploads\/2024\/01\/SteelWoolAll-Stacked-1005x1024.jpg\" alt=\"\" class=\"wp-image-4822 size-full\" srcset=\"https:\/\/www.dfp.ca\/wp-content\/uploads\/2024\/01\/SteelWoolAll-Stacked-1005x1024.jpg 1005w, https:\/\/www.dfp.ca\/wp-content\/uploads\/2024\/01\/SteelWoolAll-Stacked-295x300.jpg 295w, https:\/\/www.dfp.ca\/wp-content\/uploads\/2024\/01\/SteelWoolAll-Stacked-768x782.jpg 768w, https:\/\/www.dfp.ca\/wp-content\/uploads\/2024\/01\/SteelWoolAll-Stacked-24x24.jpg 24w, https:\/\/www.dfp.ca\/wp-content\/uploads\/2024\/01\/SteelWoolAll-Stacked-36x36.jpg 36w, https:\/\/www.dfp.ca\/wp-content\/uploads\/2024\/01\/SteelWoolAll-Stacked-48x48.jpg 48w, https:\/\/www.dfp.ca\/wp-content\/uploads\/2024\/01\/SteelWoolAll-Stacked.jpg 1500w\" sizes=\"(max-width: 1005px) 100vw, 1005px\" \/><\/figure><\/div>\n\n\n\n<figure class=\"wp-block-table sw\"><table><thead><tr><th>No.<br>Article <\/th><th>Description<\/th><th>Grade<\/th><th>Utilisations<\/th><th>Qt\u00e9<br>\/Cs.<\/th><th><\/th><\/tr><\/thead><tbody><tr><td>700015<\/td><td>Hand Pads<\/td><td>4\/0<\/td><td>Pour le polissage, le nettoyage et les projets de r\u00e9novation. Utilisez cette laine d&#8217;acier super fine pour obtenir la finition souhait\u00e9e sur votre boiserie. Elle permet \u00e9galement de nettoyer les instruments et outils en m\u00e9tal, les fen\u00eatres et le verre sans utiliser de nettoyants liquides.<\/td><td>6<\/td><td><a href=\"\/wp-content\/uploads\/2016\/08\/SteelWoolPads-4_0.jpg\"><img decoding=\"async\" src=\"\/wp-content\/uploads\/2016\/08\/SteelWoolPads-4_0t.jpg\" style=\"width: 50px;\"><\/a><\/td><\/tr><tr><td>700025<\/td><td>Hand Pads<\/td><td>3\/0<\/td><td>Cette laine d&#8217;acier extra fine permet d&#8217;\u00e9liminer les gouttes de peinture s\u00e9ch\u00e9es et les \u00e9claboussures. A utiliser pour poncer les boiseries entre les couches.Elle permet \u00e9galement d&#8217;\u00e9liminer les taches de rouille sur les chromes en association avec un produit de polissage automobile.<\/td><td>6<\/td><td><a href=\"\/wp-content\/uploads\/2016\/08\/SteelWoolPads-3_0.jpg\"><img decoding=\"async\" src=\"\/wp-content\/uploads\/2016\/08\/SteelWoolPads-3_0t.jpg\"><\/a><\/td><\/tr><tr><td>700035<\/td><td>Hand Pads<\/td><td>2\/0<\/td><td>Utilis\u00e9e pour enlever les finitions, les taches, les br\u00fblures mineures sur le bois et les coupes de haute brillance \u00e0 semi-brillance. Peut \u00e9galement \u00eatre utilis\u00e9 pour nettoyer et restaurer l&#8217;aluminium, les clubs de golf, les roues m\u00e9talliques en laiton et les meubles de jardin, le cuivre et d&#8217;autres m\u00e9taux.<\/td><td>6<\/td><td><a href=\"\/wp-content\/uploads\/2016\/08\/SteelWoolPads-2_0.jpg\"><img decoding=\"async\" src=\"\/wp-content\/uploads\/2016\/08\/SteelWoolPads-2_0t.jpg\"><\/a><\/td><\/tr><tr><td>700045<\/td><td>Hand Pads<\/td><td>1\/0<\/td><td>Aide \u00e0 \u00e9liminer les r\u00e9sidus de peinture lors de l&#8217;application d&#8217;une teinture. Egalement pour nettoyer la porcelaine, le carrelage, les joints, les casseroles, les ustensiles et les pots \u00e0 r\u00e9curer en conjonction avec un nettoyant non abrasif.<\/td><td>6<\/td><td><a href=\"\/wp-content\/uploads\/2016\/08\/SteelWoolPads-1_0.jpg\"><img decoding=\"async\" src=\"\/wp-content\/uploads\/2016\/08\/SteelWoolPads-1_0t.jpg\"><\/a><\/td><\/tr><tr><td>700055<\/td><td>Hand Pads<\/td><td>1<\/td><td>Aide \u00e0 lisser le bois \u00e0 grain \u00e9lev\u00e9 ou appr\u00eat\u00e9 et \u00e0 d\u00e9caper les surfaces peintes avant l&#8217;application d&#8217;un rev\u00eatement. Il permet \u00e9galement de nettoyer les sols en linol\u00e9um, les tuyaux et raccords en cuivre et les grilles de barbecue.<\/td><td>6<\/td><td>\u00a0<\/td><\/tr><tr><td>700065<\/td><td>Hand Pads<\/td><td>2<\/td><td>Cette laine d&#8217;acier moyenne grossi\u00e8re aide \u00e0 enlever la peinture sur les moulures, dans les coins, les vieilles traces de cire, et des \u00e9raflures sur les planchers.<\/td><td>6<\/td><td>\u00a0<\/td><\/tr><tr><td>700075<\/td><td>Hand Pads<\/td><td>3<\/td><td>Pour enlever les vieilles peintures, vernis, laques et gommes laques en conjonction avec des d\u00e9capants de peinture ou des d\u00e9capants.<\/td><td>6<\/td><td><a href=\"\/wp-content\/uploads\/2016\/08\/SteelWoolPads-3.jpg\"><img decoding=\"async\" src=\"\/wp-content\/uploads\/2016\/08\/SteelWoolPads-3t.jpg\"><\/a><\/td><\/tr><\/tbody><\/table><\/figure>\n","protected":false},"excerpt":{"rendered":"<p>La laine d&#8217;acier est tr\u00e8s polyvalente et peut \u00eatre utilis\u00e9e pour un grand nombre de t\u00e2ches m\u00e9nag\u00e8res, de remodelage, de finition de meubles et de construction. La laine d&#8217;acier peut servir au nettoyage, au polissage, au lustrage et \u00e0 la remise \u00e0 neuf. C&#8217;est le choix id\u00e9al des bricoleurs et des entrepreneurs professionnels (Is this [&hellip;]<\/p>\n","protected":false},"author":1,"featured_media":0,"parent":647,"menu_order":0,"comment_status":"closed","ping_status":"closed","template":"template-left-sidebar.php","meta":{"footnotes":""},"class_list":["post-657","page","type-page","status-publish","hentry"],"_links":{"self":[{"href":"https:\/\/www.dfp.ca\/fr\/wp-json\/wp\/v2\/pages\/657"}],"collection":[{"href":"https:\/\/www.dfp.ca\/fr\/wp-json\/wp\/v2\/pages"}],"about":[{"href":"https:\/\/www.dfp.ca\/fr\/wp-json\/wp\/v2\/types\/page"}],"author":[{"embeddable":true,"href":"https:\/\/www.dfp.ca\/fr\/wp-json\/wp\/v2\/users\/1"}],"replies":[{"embeddable":true,"href":"https:\/\/www.dfp.ca\/fr\/wp-json\/wp\/v2\/comments?post=657"}],"version-history":[{"count":14,"href":"https:\/\/www.dfp.ca\/fr\/wp-json\/wp\/v2\/pages\/657\/revisions"}],"predecessor-version":[{"id":4873,"href":"https:\/\/www.dfp.ca\/fr\/wp-json\/wp\/v2\/pages\/657\/revisions\/4873"}],"up":[{"embeddable":true,"href":"https:\/\/www.dfp.ca\/fr\/wp-json\/wp\/v2\/pages\/647"}],"wp:attachment":[{"href":"https:\/\/www.dfp.ca\/fr\/wp-json\/wp\/v2\/media?parent=657"}],"curies":[{"name":"wp","href":"https:\/\/api.w.org\/{rel}","templated":true}]}}