{"id":665,"date":"2016-07-05T10:56:43","date_gmt":"2016-07-05T14:56:43","guid":{"rendered":"http:\/\/www.dfp.ca\/fr\/?page_id=665"},"modified":"2021-02-24T09:49:36","modified_gmt":"2021-02-24T14:49:36","slug":"liquides","status":"publish","type":"page","link":"https:\/\/www.dfp.ca\/fr\/bois\/liquides\/","title":{"rendered":"LIQUIDES"},"content":{"rendered":"<div class=\"wc-shortcodes-row wc-shortcodes-item wc-shortcodes-clearfix\">\n<div class=\"wc-shortcodes-column wc-shortcodes-content wc-shortcodes-one-third wc-shortcodes-column-first \">\n&nbsp;<br \/>\n<a href=\"\/fr\/bois\/liquides\/finis-au-tampons\/\"><center><img decoding=\"async\" src=\"\/wp-content\/uploads\/2016\/07\/frenchfinishesmenu.png\" alt=\"Fini au tampon\" \/><\/center><\/p>\n<h4 style=\"text-align: center;\">Fini<br \/>au tampon<\/h4>\n<p><\/a>\n<\/div>\n<div class=\"wc-shortcodes-column wc-shortcodes-content wc-shortcodes-one-third wc-shortcodes-column- \">\n&nbsp;<br \/>\n<a href=\"\/fr\/bois\/liquides\/retouche-deux-minutes\/\"><center><img decoding=\"async\" src=\"\/wp-content\/uploads\/2016\/07\/twominutemenu.png\" alt=\"Retouche deux minutes\" \/><\/center><\/p>\n<h4 style=\"text-align: center;\">Retouche<br \/>deux minutes<\/h4>\n<p><\/a>\n<\/div>\n<div class=\"wc-shortcodes-column wc-shortcodes-content wc-shortcodes-one-third wc-shortcodes-column-last \">\n&nbsp;<br \/>\n<a href=\"\/fr\/bois\/liquides\/liquide-pour-veiner-transparent\/\"><center><img decoding=\"async\" src=\"\/wp-content\/uploads\/2016\/07\/grainingmenu.png\" alt=\"Liquide pour veiner\" \/><\/center><\/p>\n<h4 style=\"text-align: center;\">Liquide<br \/>pour veiner<\/h4>\n<p><\/a>\n<\/div>\n<\/div>\n<div class=\"wc-shortcodes-row wc-shortcodes-item wc-shortcodes-clearfix\">\n<div class=\"wc-shortcodes-column wc-shortcodes-content wc-shortcodes-one-third wc-shortcodes-column-first \">\n&nbsp;<br \/>\n<a href=\"\/fr\/bois\/liquides\/lubrifiant-de-poncage\/\"><center><img decoding=\"async\" src=\"\/wp-content\/uploads\/2016\/07\/rubbingmenu.png\" alt=\"Poncage\" \/><\/center><\/p>\n<h4 style=\"text-align: center;\">Lubrifiant<br \/>de pon\u00e7age<\/h4>\n<p><\/a>\n<\/div>\n<div class=\"wc-shortcodes-column wc-shortcodes-content wc-shortcodes-one-third wc-shortcodes-column- \">\n&nbsp;<br \/>\n<a href=\"\/fr\/bois\/liquides\/lubrifiant-en-gelee-pour-poncage\/\"><center><img loading=\"lazy\" decoding=\"async\" src=\"\/wp-content\/uploads\/2016\/07\/gellubemenu.jpg\" alt=\"Lubrifiant en gel\u00e9e\" width=\"145\" height=\"175\" \/><\/center><\/p>\n<h4 style=\"text-align: center;\">Lubrifiant en gel\u00e9e<\/h4>\n<p><\/a>\n<\/div>\n<div class=\"wc-shortcodes-column wc-shortcodes-content wc-shortcodes-one-third wc-shortcodes-column-last \">\n&nbsp;<br \/>\n<a href=\"\/fr\/bois\/liquides\/enleve-cire-wax-off\/\"><center><img decoding=\"async\" src=\"\/wp-content\/uploads\/2016\/07\/waxoffmenu.png\" alt=\"Enl\u00e8ve cire\u00ab Wax-Off \u00bb\" \/><\/center><\/p>\n<h4 style=\"text-align: center;\">Enl\u00e8ve cire<br \/>\u00ab Wax-Off \u00bb<\/h4>\n<p><\/a>\n<\/div>\n<\/div>\n<div class=\"wc-shortcodes-row wc-shortcodes-item wc-shortcodes-clearfix\">\n<div class=\"wc-shortcodes-column wc-shortcodes-content wc-shortcodes-one-third wc-shortcodes-column-first \">\n&nbsp;<br \/>\n<a href=\"\/fr\/bois\/liquides\/huile-de-citron\/\"><center><img decoding=\"async\" src=\"\/wp-content\/uploads\/2016\/07\/lemonoilmenu.png\" alt=\"Huile de citron\" \/><\/center><\/p>\n<h4 style=\"text-align: center;\">Huile<br \/>de citron<\/h4>\n<p><\/a>\n<\/div>\n<div class=\"wc-shortcodes-column wc-shortcodes-content wc-shortcodes-one-third wc-shortcodes-column- \">\n&nbsp;<br \/>\n<a href=\"\/fr\/bois\/liquides\/polis-et-nettoyants\/\"><center><img decoding=\"async\" src=\"\/wp-content\/uploads\/2016\/07\/polishmenu.png\" alt=\"Polis et nettoyants\" \/><\/center> <\/p>\n<h4 style=\"text-align: center;\">Polis et<br \/>nettoyants<\/h4>\n<p><\/a>\n<\/div>\n<div class=\"wc-shortcodes-column wc-shortcodes-content wc-shortcodes-one-third wc-shortcodes-column-last \">\n&nbsp;<br \/>\n<a href=\"\/fr\/bois\/liquides\/efface-eraflures\/\"><center><img decoding=\"async\" src=\"\/wp-content\/uploads\/2016\/07\/scratchmenu.png\" alt=\"Efface \u00e9raflures\" \/><\/center> <\/p>\n<h4 style=\"text-align: center;\">Efface<br \/>\u00e9raflures<\/h4>\n<p><\/a>\n<\/div>\n<\/div>\n<div class=\"wc-shortcodes-row wc-shortcodes-item wc-shortcodes-clearfix\"><\/div>\n<div class=\"wc-shortcodes-column wc-shortcodes-content wc-shortcodes-one-third wc-shortcodes-column-first \">\n&nbsp;<br \/>\n<center><a href=\"\/fr\/bois\/liquides\/decolorant-pour-bois\/\"><img decoding=\"async\" src=\"https:\/\/www.dfp.ca\/wp-content\/uploads\/2021\/02\/woodbleachmenu.jpg\" alt=\"Decolorant de bois\" \/><\/a><\/center><a href=\"\/fr\/bois\/liquides\/decolorant-pour-bois\/\"><\/p>\n<h4 style=\"text-align: center;\">D\u00e9colorant<br \/>de bois<\/h4>\n<p><\/a>\n<\/div>\n","protected":false},"excerpt":{"rendered":"<p>&nbsp; Finiau tampon &nbsp; Retouchedeux minutes &nbsp; Liquidepour veiner &nbsp; Lubrifiantde pon\u00e7age &nbsp; Lubrifiant en gel\u00e9e &nbsp; Enl\u00e8ve cire\u00ab Wax-Off \u00bb &nbsp; Huilede citron &nbsp; Polis etnettoyants &nbsp; Efface\u00e9raflures &nbsp; D\u00e9colorantde bois<\/p>\n","protected":false},"author":1,"featured_media":0,"parent":184,"menu_order":0,"comment_status":"closed","ping_status":"closed","template":"template-left-sidebar.php","meta":{"footnotes":""},"class_list":["post-665","page","type-page","status-publish","hentry"],"_links":{"self":[{"href":"https:\/\/www.dfp.ca\/fr\/wp-json\/wp\/v2\/pages\/665"}],"collection":[{"href":"https:\/\/www.dfp.ca\/fr\/wp-json\/wp\/v2\/pages"}],"about":[{"href":"https:\/\/www.dfp.ca\/fr\/wp-json\/wp\/v2\/types\/page"}],"author":[{"embeddable":true,"href":"https:\/\/www.dfp.ca\/fr\/wp-json\/wp\/v2\/users\/1"}],"replies":[{"embeddable":true,"href":"https:\/\/www.dfp.ca\/fr\/wp-json\/wp\/v2\/comments?post=665"}],"version-history":[{"count":20,"href":"https:\/\/www.dfp.ca\/fr\/wp-json\/wp\/v2\/pages\/665\/revisions"}],"predecessor-version":[{"id":4315,"href":"https:\/\/www.dfp.ca\/fr\/wp-json\/wp\/v2\/pages\/665\/revisions\/4315"}],"up":[{"embeddable":true,"href":"https:\/\/www.dfp.ca\/fr\/wp-json\/wp\/v2\/pages\/184"}],"wp:attachment":[{"href":"https:\/\/www.dfp.ca\/fr\/wp-json\/wp\/v2\/media?parent=665"}],"curies":[{"name":"wp","href":"https:\/\/api.w.org\/{rel}","templated":true}]}}