{"id":718,"date":"2016-07-05T15:45:54","date_gmt":"2016-07-05T19:45:54","guid":{"rendered":"http:\/\/www.dfp.ca\/fr\/?page_id=718"},"modified":"2019-05-23T15:39:09","modified_gmt":"2019-05-23T19:39:09","slug":"lac-french","status":"publish","type":"page","link":"https:\/\/www.dfp.ca\/fr\/bois\/liquides\/finis-au-tampons\/lac-french\/","title":{"rendered":"LAC-FRENCH"},"content":{"rendered":"<div id=\"c7212\" class=\"csc-default\">\n<p><i><a href=\"\/wp-content\/uploads\/2016\/07\/lacfrenchbig.png\"><img loading=\"lazy\" decoding=\"async\" class=\"alignright size-full wp-image-674\" src=\"\/wp-content\/uploads\/2016\/07\/lacfrench.png\" alt=\"lacfrench\" width=\"300\" height=\"300\" srcset=\"https:\/\/www.dfp.ca\/wp-content\/uploads\/2016\/07\/lacfrench.png 300w, https:\/\/www.dfp.ca\/wp-content\/uploads\/2016\/07\/lacfrench-150x150.png 150w\" sizes=\"(max-width: 300px) 100vw, 300px\" \/><\/a><\/i><\/p>\n<div id=\"c7216\" class=\"csc-default\">\n<p><i>Couleur ambre p\u00e2le<\/i><\/p>\n<p>&nbsp;<\/p>\n<p>Le fini au tampon en t\u00eate de file! Uti\u00ad\u00adlis\u00e9 par des milliers de professionnels depuis des ann\u00e9es. S\u00e8che instantan\u00e9ment, peut recevoir imm\u00e9diatement une deuxi\u00e8me couche de laque. Couleur ambre p\u00e2le permet l\u2019utilisation sur les finis les plus p\u00e2les. Pr\u00eat \u00e0 utiliser, sans huile et aucun additif n\u00e9cessaire. S\u00e8che plus dur que tous les autres finis au tampon. Excellente accumulation et donne un fini lustr\u00e9 dur et r\u00e9sistant.<\/p>\n<\/div>\n<div id=\"c7217\" class=\"csc-default\">\n<ul class=\"csc-bulletlist csc-bulletlist-0\">\n<li class=\"odd\">Pour de meilleurs r\u00e9sultats utiliser avec le chiffon \u00e0 polissage No.147 et les poudres colorantes \u00ab Match et Blend \u00bb de DFP pour la coloration<\/li>\n<\/ul>\n<\/div>\n<div id=\"c7218\" class=\"csc-default\">\n<table class=\"contenttable contenttable-0\">\n<tbody>\n<tr class=\"tr-even tr-0\">\n<td class=\"td-0\">Article<\/td>\n<td class=\"td-last td-1\">Format<\/td>\n<\/tr>\n<tr class=\"tr-odd tr-1\">\n<td class=\"td-0\">777000<\/td>\n<td class=\"td-last td-1\">1 Litre<\/td>\n<\/tr>\n<tr class=\"tr-even tr-last\">\n<td class=\"td-0\">777005<\/td>\n<td class=\"td-last td-1\">125 ml<\/td>\n<\/tr>\n<\/tbody>\n<\/table>\n<\/div>\n<p><i>\u00a0<\/i><\/p>\n<\/div>\n<div id=\"c7214\" class=\"csc-default\"><\/div>\n","protected":false},"excerpt":{"rendered":"<p>Couleur ambre p\u00e2le &nbsp; Le fini au tampon en t\u00eate de file! Uti\u00ad\u00adlis\u00e9 par des milliers de professionnels depuis des ann\u00e9es. S\u00e8che instantan\u00e9ment, peut recevoir imm\u00e9diatement une deuxi\u00e8me couche de laque. Couleur ambre p\u00e2le permet l\u2019utilisation sur les finis les plus p\u00e2les. Pr\u00eat \u00e0 utiliser, sans huile et aucun additif n\u00e9cessaire. S\u00e8che plus dur que [&hellip;]<\/p>\n","protected":false},"author":1,"featured_media":0,"parent":668,"menu_order":0,"comment_status":"closed","ping_status":"closed","template":"template-left-sidebar.php","meta":{"footnotes":""},"class_list":["post-718","page","type-page","status-publish","hentry"],"_links":{"self":[{"href":"https:\/\/www.dfp.ca\/fr\/wp-json\/wp\/v2\/pages\/718"}],"collection":[{"href":"https:\/\/www.dfp.ca\/fr\/wp-json\/wp\/v2\/pages"}],"about":[{"href":"https:\/\/www.dfp.ca\/fr\/wp-json\/wp\/v2\/types\/page"}],"author":[{"embeddable":true,"href":"https:\/\/www.dfp.ca\/fr\/wp-json\/wp\/v2\/users\/1"}],"replies":[{"embeddable":true,"href":"https:\/\/www.dfp.ca\/fr\/wp-json\/wp\/v2\/comments?post=718"}],"version-history":[{"count":2,"href":"https:\/\/www.dfp.ca\/fr\/wp-json\/wp\/v2\/pages\/718\/revisions"}],"predecessor-version":[{"id":2691,"href":"https:\/\/www.dfp.ca\/fr\/wp-json\/wp\/v2\/pages\/718\/revisions\/2691"}],"up":[{"embeddable":true,"href":"https:\/\/www.dfp.ca\/fr\/wp-json\/wp\/v2\/pages\/668"}],"wp:attachment":[{"href":"https:\/\/www.dfp.ca\/fr\/wp-json\/wp\/v2\/media?parent=718"}],"curies":[{"name":"wp","href":"https:\/\/api.w.org\/{rel}","templated":true}]}}