{"id":720,"date":"2016-07-05T15:54:11","date_gmt":"2016-07-05T19:54:11","guid":{"rendered":"http:\/\/www.dfp.ca\/fr\/?page_id=720"},"modified":"2019-05-23T15:39:28","modified_gmt":"2019-05-23T19:39:28","slug":"wil-pro","status":"publish","type":"page","link":"https:\/\/www.dfp.ca\/fr\/bois\/liquides\/finis-au-tampons\/wil-pro\/","title":{"rendered":"WIL-PRO"},"content":{"rendered":"<div id=\"c7227\" class=\"csc-default\">\n<p><i><a href=\"\/wp-content\/uploads\/2016\/07\/wilprobig.png\"><img loading=\"lazy\" decoding=\"async\" class=\"alignright size-full wp-image-722\" src=\"\/wp-content\/uploads\/2016\/07\/wilpro.png\" alt=\"wilpro\" width=\"300\" height=\"300\" srcset=\"https:\/\/www.dfp.ca\/wp-content\/uploads\/2016\/07\/wilpro.png 300w, https:\/\/www.dfp.ca\/wp-content\/uploads\/2016\/07\/wilpro-150x150.png 150w, https:\/\/www.dfp.ca\/wp-content\/uploads\/2016\/07\/wilpro-100x100.png 100w, https:\/\/www.dfp.ca\/wp-content\/uploads\/2016\/07\/wilpro-200x200.png 200w\" sizes=\"(max-width: 300px) 100vw, 300px\" \/><\/a>Couleur ambre p\u00e2le<\/i><\/p>\n<p>&nbsp;<\/p>\n<p>S\u00e8che super rapidement. Peut \u00eatre imm\u00e9diatement recouvert d\u2019une couche de laque. Utilis\u00e9 pour le rapi\u00e9\u00e7age au tampon, enlever les \u00e9gratignures et les marques laiss\u00e9es par les cartons d\u2019emballage et les doigts. Id\u00e9al l\u00e0 o\u00f9 une accumulation minimale et claire est cruciale. Haute r\u00e9sistance au marques de doigts. Peut \u00eatre utilis\u00e9 sur les finis les plus p\u00e2les sans d\u00e9coloration.<\/p>\n<\/div>\n<div id=\"c7228\" class=\"csc-default\">\n<ul class=\"csc-bulletlist csc-bulletlist-0\">\n<li class=\"odd\">S\u2019applique avec un chiffon \u00e0 polissage No.147 et les poudres colorantes \u00ab Match et Blend \u00bb de DFP pour masquer les r\u00e9parations faitent aux fers chauds<\/li>\n<\/ul>\n<\/div>\n<div id=\"c7229\" class=\"csc-default\">\n<table class=\"contenttable contenttable-0\">\n<tbody>\n<tr class=\"tr-even tr-0\">\n<td class=\"td-0\">Article<\/td>\n<td class=\"td-last td-1\">Format<\/td>\n<\/tr>\n<tr class=\"tr-odd tr-1\">\n<td class=\"td-0\">777010<\/td>\n<td class=\"td-last td-1\">1 Litre<\/td>\n<\/tr>\n<tr class=\"tr-even tr-last\">\n<td class=\"td-0\">777015<\/td>\n<td class=\"td-last td-1\">125 ml<\/td>\n<\/tr>\n<\/tbody>\n<\/table>\n<\/div>\n","protected":false},"excerpt":{"rendered":"<p>Couleur ambre p\u00e2le &nbsp; S\u00e8che super rapidement. Peut \u00eatre imm\u00e9diatement recouvert d\u2019une couche de laque. Utilis\u00e9 pour le rapi\u00e9\u00e7age au tampon, enlever les \u00e9gratignures et les marques laiss\u00e9es par les cartons d\u2019emballage et les doigts. Id\u00e9al l\u00e0 o\u00f9 une accumulation minimale et claire est cruciale. Haute r\u00e9sistance au marques de doigts. Peut \u00eatre utilis\u00e9 sur [&hellip;]<\/p>\n","protected":false},"author":1,"featured_media":0,"parent":668,"menu_order":0,"comment_status":"closed","ping_status":"closed","template":"template-left-sidebar.php","meta":{"footnotes":""},"class_list":["post-720","page","type-page","status-publish","hentry"],"_links":{"self":[{"href":"https:\/\/www.dfp.ca\/fr\/wp-json\/wp\/v2\/pages\/720"}],"collection":[{"href":"https:\/\/www.dfp.ca\/fr\/wp-json\/wp\/v2\/pages"}],"about":[{"href":"https:\/\/www.dfp.ca\/fr\/wp-json\/wp\/v2\/types\/page"}],"author":[{"embeddable":true,"href":"https:\/\/www.dfp.ca\/fr\/wp-json\/wp\/v2\/users\/1"}],"replies":[{"embeddable":true,"href":"https:\/\/www.dfp.ca\/fr\/wp-json\/wp\/v2\/comments?post=720"}],"version-history":[{"count":2,"href":"https:\/\/www.dfp.ca\/fr\/wp-json\/wp\/v2\/pages\/720\/revisions"}],"predecessor-version":[{"id":2693,"href":"https:\/\/www.dfp.ca\/fr\/wp-json\/wp\/v2\/pages\/720\/revisions\/2693"}],"up":[{"embeddable":true,"href":"https:\/\/www.dfp.ca\/fr\/wp-json\/wp\/v2\/pages\/668"}],"wp:attachment":[{"href":"https:\/\/www.dfp.ca\/fr\/wp-json\/wp\/v2\/media?parent=720"}],"curies":[{"name":"wp","href":"https:\/\/api.w.org\/{rel}","templated":true}]}}