{"id":729,"date":"2016-07-05T16:07:43","date_gmt":"2016-07-05T20:07:43","guid":{"rendered":"http:\/\/www.dfp.ca\/fr\/?page_id=729"},"modified":"2019-05-23T15:39:16","modified_gmt":"2019-05-23T19:39:16","slug":"satinol","status":"publish","type":"page","link":"https:\/\/www.dfp.ca\/fr\/bois\/liquides\/finis-au-tampons\/satinol\/","title":{"rendered":"SATINOL"},"content":{"rendered":"<div id=\"c7321\" class=\"csc-default\">\n<p><i><a href=\"\/wp-content\/uploads\/2016\/07\/satinolbig.png\"><img loading=\"lazy\" decoding=\"async\" class=\"alignright size-full wp-image-731\" src=\"\/wp-content\/uploads\/2016\/07\/satinol.png\" alt=\"satinol\" width=\"300\" height=\"300\" srcset=\"https:\/\/www.dfp.ca\/wp-content\/uploads\/2016\/07\/satinol.png 300w, https:\/\/www.dfp.ca\/wp-content\/uploads\/2016\/07\/satinol-150x150.png 150w, https:\/\/www.dfp.ca\/wp-content\/uploads\/2016\/07\/satinol-100x100.png 100w, https:\/\/www.dfp.ca\/wp-content\/uploads\/2016\/07\/satinol-200x200.png 200w\" sizes=\"(max-width: 300px) 100vw, 300px\" \/><\/a><\/i><\/p>\n<div id=\"c7325\" class=\"csc-default\">\n<p><i>Couleur ambre<\/i><\/p>\n<p>&nbsp;<\/p>\n<p>\u00c9labor\u00e9 pour s\u00e9cher en un lustre moins brillant que les autres finis au tampon. Se travaille bien sur tous les finis fonc\u00e9s et moyen-p\u00e2les. Non recommand\u00e9 pour les finis tr\u00e8s p\u00e2les ou naturels. Utiliser avec une laine d\u2019acier 4\/0; pour donner un lustre moins brillant; reste mat. Facile \u00e0 utiliser, pas besoin d\u2019ajouter d\u2019huile ou autres additifs. Peut recevoir imm\u00e9diatement une couche de finition.<\/p>\n<\/div>\n<div id=\"c7326\" class=\"csc-default\">\n<ul class=\"csc-bulletlist csc-bulletlist-0\">\n<li class=\"odd\">Pour de meilleurs r\u00e9sultats, utiliser avec le chiffon \u00e0 polissage No.147 et les poudres colorantes \u00ab Match et Blend \u00bb de DFP pour colorer.<\/li>\n<\/ul>\n<\/div>\n<div id=\"c7327\" class=\"csc-default\">\n<table class=\"contenttable contenttable-0\">\n<tbody>\n<tr class=\"tr-even tr-0\">\n<td class=\"td-0\">Article<\/td>\n<td class=\"td-last td-1\">Format<\/td>\n<\/tr>\n<tr class=\"tr-odd tr-1\">\n<td class=\"td-0\">777020<\/td>\n<td class=\"td-last td-1\">1 Litre<\/td>\n<\/tr>\n<tr class=\"tr-even tr-last\">\n<td class=\"td-0\">777025<\/td>\n<td class=\"td-last td-1\">125 ml<\/td>\n<\/tr>\n<\/tbody>\n<\/table>\n<\/div>\n<p><i>\u00a0<\/i><\/p>\n<\/div>\n<div id=\"c7323\" class=\"csc-default\"><\/div>\n","protected":false},"excerpt":{"rendered":"<p>Couleur ambre &nbsp; \u00c9labor\u00e9 pour s\u00e9cher en un lustre moins brillant que les autres finis au tampon. Se travaille bien sur tous les finis fonc\u00e9s et moyen-p\u00e2les. Non recommand\u00e9 pour les finis tr\u00e8s p\u00e2les ou naturels. Utiliser avec une laine d\u2019acier 4\/0; pour donner un lustre moins brillant; reste mat. Facile \u00e0 utiliser, pas besoin [&hellip;]<\/p>\n","protected":false},"author":1,"featured_media":0,"parent":668,"menu_order":0,"comment_status":"closed","ping_status":"closed","template":"template-left-sidebar.php","meta":{"footnotes":""},"class_list":["post-729","page","type-page","status-publish","hentry"],"_links":{"self":[{"href":"https:\/\/www.dfp.ca\/fr\/wp-json\/wp\/v2\/pages\/729"}],"collection":[{"href":"https:\/\/www.dfp.ca\/fr\/wp-json\/wp\/v2\/pages"}],"about":[{"href":"https:\/\/www.dfp.ca\/fr\/wp-json\/wp\/v2\/types\/page"}],"author":[{"embeddable":true,"href":"https:\/\/www.dfp.ca\/fr\/wp-json\/wp\/v2\/users\/1"}],"replies":[{"embeddable":true,"href":"https:\/\/www.dfp.ca\/fr\/wp-json\/wp\/v2\/comments?post=729"}],"version-history":[{"count":2,"href":"https:\/\/www.dfp.ca\/fr\/wp-json\/wp\/v2\/pages\/729\/revisions"}],"predecessor-version":[{"id":2696,"href":"https:\/\/www.dfp.ca\/fr\/wp-json\/wp\/v2\/pages\/729\/revisions\/2696"}],"up":[{"embeddable":true,"href":"https:\/\/www.dfp.ca\/fr\/wp-json\/wp\/v2\/pages\/668"}],"wp:attachment":[{"href":"https:\/\/www.dfp.ca\/fr\/wp-json\/wp\/v2\/media?parent=729"}],"curies":[{"name":"wp","href":"https:\/\/api.w.org\/{rel}","templated":true}]}}