{"id":740,"date":"2016-07-05T16:22:55","date_gmt":"2016-07-05T20:22:55","guid":{"rendered":"http:\/\/www.dfp.ca\/fr\/?page_id=740"},"modified":"2019-05-23T15:41:04","modified_gmt":"2019-05-23T19:41:04","slug":"retouche-deux-minutes","status":"publish","type":"page","link":"https:\/\/www.dfp.ca\/fr\/bois\/liquides\/retouche-deux-minutes\/","title":{"rendered":"RETOUCHE DEUX-MINUTES"},"content":{"rendered":"<div id=\"c7421\" class=\"csc-default\">\n<p><a href=\"\/wp-content\/uploads\/2016\/07\/twominutebig.png\"><img loading=\"lazy\" decoding=\"async\" class=\"alignright size-full wp-image-738\" src=\"\/wp-content\/uploads\/2016\/07\/twominute.png\" alt=\"twominute\" width=\"300\" height=\"300\" srcset=\"https:\/\/www.dfp.ca\/wp-content\/uploads\/2016\/07\/twominute.png 300w, https:\/\/www.dfp.ca\/wp-content\/uploads\/2016\/07\/twominute-150x150.png 150w, https:\/\/www.dfp.ca\/wp-content\/uploads\/2016\/07\/twominute-100x100.png 100w, https:\/\/www.dfp.ca\/wp-content\/uploads\/2016\/07\/twominute-200x200.png 200w\" sizes=\"(max-width: 300px) 100vw, 300px\" \/><\/a><\/p>\n<div id=\"Content\">\n<div id=\"innerContent\">\n<div id=\"c7420\" class=\"csc-default\">\n<p>Laque transparente qui s\u00e8che vite et s\u2019utilise conjointement avec les poudres colorantes \u00ab Match et Blend \u00bb de DFP pour les retouches mineures. Id\u00e9ale pour les retouches sur les bords sabl\u00e9s, les petites diff\u00e9rences de couleur laiss\u00e9es par les retouches \u00e0 chaud. Peut \u00eatre recouvert imm\u00e9diatement d\u2019une laque si d\u00e9sir\u00e9. Normalement utilis\u00e9e comme produit de base par les retoucheurs lors de r\u00e9parations mineures. Pour de meilleurs r\u00e9sultats, utiliser avec un pinceau en poil de boeuf de 1\u20444&#8243; ou de 1\u20442&#8243;.<\/p>\n<h3>Solvant de retouche deux-minutes<\/h3>\n<p>Formul\u00e9 pour diluer la laque de retouche deux-minutes. Excellent pour nettoyer les pinceaux.<\/p>\n<p>&nbsp;<\/p>\n<\/div>\n<div id=\"c7418\" class=\"csc-default\">\n<table class=\"contenttable contenttable-0\">\n<tbody>\n<tr class=\"tr-even tr-0\">\n<td class=\"td-0\">Article<\/td>\n<td class=\"td-1\">Description<\/td>\n<td class=\"td-last td-2\">Format<\/td>\n<\/tr>\n<tr class=\"tr-odd tr-1\">\n<td class=\"td-0\">777030<\/td>\n<td class=\"td-1\">Retouche 2 min.<\/td>\n<td class=\"td-last td-2\">1 Litre<\/td>\n<\/tr>\n<tr class=\"tr-even tr-2\">\n<td class=\"td-0\">777035<\/td>\n<td class=\"td-1\">Retouche 2 min.<\/td>\n<td class=\"td-last td-2\">125 ml<\/td>\n<\/tr>\n<tr class=\"tr-odd tr-3\">\n<td class=\"td-0\">777040<\/td>\n<td class=\"td-1\">Solvant<\/td>\n<td class=\"td-last td-2\">1 Litre<\/td>\n<\/tr>\n<tr class=\"tr-even tr-last\">\n<td class=\"td-0\">777045<\/td>\n<td class=\"td-1\">Solvant<\/td>\n<td class=\"td-last td-2\">125 ml<\/td>\n<\/tr>\n<\/tbody>\n<\/table>\n<\/div>\n<\/div>\n<div><\/div>\n<\/div>\n<div id=\"Footer\" class=\"wood\"><\/div>\n<\/div>\n<div id=\"c7419\" class=\"csc-default\"><\/div>\n","protected":false},"excerpt":{"rendered":"<p>Laque transparente qui s\u00e8che vite et s\u2019utilise conjointement avec les poudres colorantes \u00ab Match et Blend \u00bb de DFP pour les retouches mineures. Id\u00e9ale pour les retouches sur les bords sabl\u00e9s, les petites diff\u00e9rences de couleur laiss\u00e9es par les retouches \u00e0 chaud. Peut \u00eatre recouvert imm\u00e9diatement d\u2019une laque si d\u00e9sir\u00e9. Normalement utilis\u00e9e comme produit de [&hellip;]<\/p>\n","protected":false},"author":1,"featured_media":0,"parent":665,"menu_order":0,"comment_status":"closed","ping_status":"closed","template":"template-left-sidebar.php","meta":{"footnotes":""},"class_list":["post-740","page","type-page","status-publish","hentry"],"_links":{"self":[{"href":"https:\/\/www.dfp.ca\/fr\/wp-json\/wp\/v2\/pages\/740"}],"collection":[{"href":"https:\/\/www.dfp.ca\/fr\/wp-json\/wp\/v2\/pages"}],"about":[{"href":"https:\/\/www.dfp.ca\/fr\/wp-json\/wp\/v2\/types\/page"}],"author":[{"embeddable":true,"href":"https:\/\/www.dfp.ca\/fr\/wp-json\/wp\/v2\/users\/1"}],"replies":[{"embeddable":true,"href":"https:\/\/www.dfp.ca\/fr\/wp-json\/wp\/v2\/comments?post=740"}],"version-history":[{"count":2,"href":"https:\/\/www.dfp.ca\/fr\/wp-json\/wp\/v2\/pages\/740\/revisions"}],"predecessor-version":[{"id":2698,"href":"https:\/\/www.dfp.ca\/fr\/wp-json\/wp\/v2\/pages\/740\/revisions\/2698"}],"up":[{"embeddable":true,"href":"https:\/\/www.dfp.ca\/fr\/wp-json\/wp\/v2\/pages\/665"}],"wp:attachment":[{"href":"https:\/\/www.dfp.ca\/fr\/wp-json\/wp\/v2\/media?parent=740"}],"curies":[{"name":"wp","href":"https:\/\/api.w.org\/{rel}","templated":true}]}}