{"id":756,"date":"2016-07-05T16:34:02","date_gmt":"2016-07-05T20:34:02","guid":{"rendered":"http:\/\/www.dfp.ca\/fr\/?page_id=756"},"modified":"2019-05-23T15:40:13","modified_gmt":"2019-05-23T19:40:13","slug":"lubrifiant-de-poncage","status":"publish","type":"page","link":"https:\/\/www.dfp.ca\/fr\/bois\/liquides\/lubrifiant-de-poncage\/","title":{"rendered":"LUBRIFIANT DE PON\u00c7AGE"},"content":{"rendered":"<div id=\"c7347\" class=\"csc-default\">\n<p><a href=\"\/wp-content\/uploads\/2016\/07\/rubbinglubricantbig.png\"><img loading=\"lazy\" decoding=\"async\" class=\"alignright size-full wp-image-754\" src=\"\/wp-content\/uploads\/2016\/07\/rubbinglubricant.png\" alt=\"rubbinglubricant\" width=\"196\" height=\"300\" srcset=\"https:\/\/www.dfp.ca\/wp-content\/uploads\/2016\/07\/rubbinglubricant.png 196w, https:\/\/www.dfp.ca\/wp-content\/uploads\/2016\/07\/rubbinglubricant-100x153.png 100w, https:\/\/www.dfp.ca\/wp-content\/uploads\/2016\/07\/rubbinglubricant-150x230.png 150w\" sizes=\"(max-width: 196px) 100vw, 196px\" \/><\/a><\/p>\n<div id=\"c7351\" class=\"csc-default\">\n<p>Liquide \u00e0 faible viscosit\u00e9 utilis\u00e9 pour le pon\u00e7age humide des retouches et la r\u00e9paration des taches.<\/p>\n<\/div>\n<div id=\"c7352\" class=\"csc-default\">\n<ul class=\"csc-bulletlist csc-bulletlist-0\">\n<li class=\"odd\">\u00c9limine l\u2019utilisation des huiles de pon\u00e7age lourdes qui ont tendance \u00e0 \u00eatre collantes et graisseuses<\/li>\n<li class=\"even\">Con\u00e7u pour les nettoyages faciles et les op\u00e9rations de pon\u00e7age \u00e0 la pierre ponce ou d\u00e9compos\u00e9e<\/li>\n<\/ul>\n<\/div>\n<div id=\"c7353\" class=\"csc-default\">\n<table class=\"contenttable contenttable-0\">\n<tbody>\n<tr class=\"tr-even tr-0\">\n<td class=\"td-0\">Article<\/td>\n<td class=\"td-last td-1\">Format<\/td>\n<\/tr>\n<tr class=\"tr-odd tr-1\">\n<td class=\"td-0\">791152<\/td>\n<td class=\"td-last td-1\">125 ml<\/td>\n<\/tr>\n<tr class=\"tr-even tr-2\">\n<td class=\"td-0\">791151<\/td>\n<td class=\"td-last td-1\">1 Litre<\/td>\n<\/tr>\n<tr class=\"tr-odd tr-last\">\n<td class=\"td-0\">791150<\/td>\n<td class=\"td-last td-1\">4 Litres<\/td>\n<\/tr>\n<\/tbody>\n<\/table>\n<\/div>\n<\/div>\n<div id=\"c7349\" class=\"csc-default\"><\/div>\n","protected":false},"excerpt":{"rendered":"<p>Liquide \u00e0 faible viscosit\u00e9 utilis\u00e9 pour le pon\u00e7age humide des retouches et la r\u00e9paration des taches. \u00c9limine l\u2019utilisation des huiles de pon\u00e7age lourdes qui ont tendance \u00e0 \u00eatre collantes et graisseuses Con\u00e7u pour les nettoyages faciles et les op\u00e9rations de pon\u00e7age \u00e0 la pierre ponce ou d\u00e9compos\u00e9e Article Format 791152 125 ml 791151 1 Litre [&hellip;]<\/p>\n","protected":false},"author":1,"featured_media":0,"parent":665,"menu_order":0,"comment_status":"closed","ping_status":"closed","template":"template-left-sidebar.php","meta":{"footnotes":""},"class_list":["post-756","page","type-page","status-publish","hentry"],"_links":{"self":[{"href":"https:\/\/www.dfp.ca\/fr\/wp-json\/wp\/v2\/pages\/756"}],"collection":[{"href":"https:\/\/www.dfp.ca\/fr\/wp-json\/wp\/v2\/pages"}],"about":[{"href":"https:\/\/www.dfp.ca\/fr\/wp-json\/wp\/v2\/types\/page"}],"author":[{"embeddable":true,"href":"https:\/\/www.dfp.ca\/fr\/wp-json\/wp\/v2\/users\/1"}],"replies":[{"embeddable":true,"href":"https:\/\/www.dfp.ca\/fr\/wp-json\/wp\/v2\/comments?post=756"}],"version-history":[{"count":2,"href":"https:\/\/www.dfp.ca\/fr\/wp-json\/wp\/v2\/pages\/756\/revisions"}],"predecessor-version":[{"id":2702,"href":"https:\/\/www.dfp.ca\/fr\/wp-json\/wp\/v2\/pages\/756\/revisions\/2702"}],"up":[{"embeddable":true,"href":"https:\/\/www.dfp.ca\/fr\/wp-json\/wp\/v2\/pages\/665"}],"wp:attachment":[{"href":"https:\/\/www.dfp.ca\/fr\/wp-json\/wp\/v2\/media?parent=756"}],"curies":[{"name":"wp","href":"https:\/\/api.w.org\/{rel}","templated":true}]}}