{"id":768,"date":"2016-07-05T16:41:03","date_gmt":"2016-07-05T20:41:03","guid":{"rendered":"http:\/\/www.dfp.ca\/fr\/?page_id=768"},"modified":"2019-05-23T15:40:22","modified_gmt":"2019-05-23T19:40:22","slug":"lubrifiant-en-gelee-pour-poncage","status":"publish","type":"page","link":"https:\/\/www.dfp.ca\/fr\/bois\/liquides\/lubrifiant-en-gelee-pour-poncage\/","title":{"rendered":"LUBRIFIANT EN GEL\u00c9E POUR PON\u00c7AGE"},"content":{"rendered":"<div id=\"c7362\" class=\"csc-default\">\n<p><i><a href=\"\/wp-content\/uploads\/2016\/07\/gellube.png\"><img loading=\"lazy\" decoding=\"async\" class=\"alignright size-full wp-image-766\" src=\"\/wp-content\/uploads\/2016\/07\/gellube.png\" alt=\"gellube\" width=\"300\" height=\"225\" srcset=\"https:\/\/www.dfp.ca\/wp-content\/uploads\/2016\/07\/gellube.png 300w, https:\/\/www.dfp.ca\/wp-content\/uploads\/2016\/07\/gellube-100x75.png 100w, https:\/\/www.dfp.ca\/wp-content\/uploads\/2016\/07\/gellube-150x113.png 150w, https:\/\/www.dfp.ca\/wp-content\/uploads\/2016\/07\/gellube-200x150.png 200w\" sizes=\"(max-width: 300px) 100vw, 300px\" \/><\/a><\/i><\/p>\n<div id=\"c7367\" class=\"csc-default\">\n<p><i>Pour enlever les marques de carton d\u2019emballage<\/i><\/p>\n<p>P\u00e2te concentr\u00e9e utilis\u00e9e conjointement avec une laine d\u2019acier ou un tampon abrasif \u00abScotch Brite\u00bb afin d\u2019adoucir la finition, enlever les r\u00e9sidus, les marques de carton d\u2019emballage et de doigts. Le fini peut \u00eatre ponc\u00e9 jusqu\u2019\u00e0 l\u2019obtention d\u2019un lustre semi-lustr\u00e9 ou mat, suivant la cat\u00e9gorie de laine d\u2019acier ou de tampon abrasif utilis\u00e9.<\/p>\n<\/div>\n<div id=\"c7368\" class=\"csc-default\">\n<ul class=\"csc-bulletlist csc-bulletlist-0\">\n<li class=\"odd\">Se dissout dans l\u2019eau, aucune huile ou solvants additionnels requis<\/li>\n<li class=\"even\">Pas besoin de gros nettoyage, il suffit d\u2019essuyer avec un chiffon propre et sec<\/li>\n<li class=\"odd\">Sans silicone, non-toxique<\/li>\n<\/ul>\n<\/div>\n<div id=\"c7369\" class=\"csc-default\"><b>Proc\u00e9d\u00e9s de pon\u00e7age :<\/b>\u00a0utiliser une petite quantit\u00e9 de concentr\u00e9 sur un tampon abrasif en laine d\u2019acier 4\/0 ou \u00abScotch Brite\u00bb Type F Super Fin et appliquer sur la surface en frottant dans la direction du grain. Appliquer \u00e9nergiquement avec une pression \u00e9gale et en alternant les coups avec un tampon feutr\u00e9. M\u00e9langer 1 volume de lubrifiant en gel\u00e9e avec 4 volumes d\u2019eau chaude pour obtenir une solution, ou utiliser la bouteille pratique de 16 oz de solution lubrifiant en gel\u00e9e toute pr\u00eate, avec capuchon distributeur.&nbsp;<\/p>\n<\/div>\n<div id=\"c7370\" class=\"csc-default\">\n<table class=\"contenttable contenttable-0\">\n<tbody>\n<tr class=\"tr-even tr-0\">\n<td class=\"td-0\">Article<\/td>\n<td class=\"td-last td-1\">Description<\/td>\n<\/tr>\n<tr class=\"tr-odd tr-1\">\n<td class=\"td-0\">680360<\/td>\n<td class=\"td-last td-1\">P\u00e2te concentr\u00e9e \u2013 pinte<\/td>\n<\/tr>\n<tr class=\"tr-even tr-2\">\n<td class=\"td-0\">680361<\/td>\n<td class=\"td-last td-1\">P\u00e2te concentr\u00e9e \u2013 1 gal<\/td>\n<\/tr>\n<tr class=\"tr-odd tr-3\">\n<td class=\"td-0\">680362<\/td>\n<td class=\"td-last td-1\">P\u00e2te concentr\u00e9e \u2013 5,28 gal (20 litres)<\/td>\n<\/tr>\n<tr class=\"tr-even tr-last\">\n<td class=\"td-0\">680350<\/td>\n<td class=\"td-last td-1\">Liquide lubrifiant \u2013 16 oz<\/td>\n<\/tr>\n<\/tbody>\n<\/table>\n<\/div>\n<p><i>\u00a0<\/i><\/p>\n<\/div>\n<div id=\"c7365\" class=\"csc-default\"><\/div>\n","protected":false},"excerpt":{"rendered":"<p>Pour enlever les marques de carton d\u2019emballage P\u00e2te concentr\u00e9e utilis\u00e9e conjointement avec une laine d\u2019acier ou un tampon abrasif \u00abScotch Brite\u00bb afin d\u2019adoucir la finition, enlever les r\u00e9sidus, les marques de carton d\u2019emballage et de doigts. Le fini peut \u00eatre ponc\u00e9 jusqu\u2019\u00e0 l\u2019obtention d\u2019un lustre semi-lustr\u00e9 ou mat, suivant la cat\u00e9gorie de laine d\u2019acier ou [&hellip;]<\/p>\n","protected":false},"author":1,"featured_media":0,"parent":665,"menu_order":0,"comment_status":"closed","ping_status":"closed","template":"template-left-sidebar.php","meta":{"footnotes":""},"class_list":["post-768","page","type-page","status-publish","hentry"],"_links":{"self":[{"href":"https:\/\/www.dfp.ca\/fr\/wp-json\/wp\/v2\/pages\/768"}],"collection":[{"href":"https:\/\/www.dfp.ca\/fr\/wp-json\/wp\/v2\/pages"}],"about":[{"href":"https:\/\/www.dfp.ca\/fr\/wp-json\/wp\/v2\/types\/page"}],"author":[{"embeddable":true,"href":"https:\/\/www.dfp.ca\/fr\/wp-json\/wp\/v2\/users\/1"}],"replies":[{"embeddable":true,"href":"https:\/\/www.dfp.ca\/fr\/wp-json\/wp\/v2\/comments?post=768"}],"version-history":[{"count":2,"href":"https:\/\/www.dfp.ca\/fr\/wp-json\/wp\/v2\/pages\/768\/revisions"}],"predecessor-version":[{"id":2705,"href":"https:\/\/www.dfp.ca\/fr\/wp-json\/wp\/v2\/pages\/768\/revisions\/2705"}],"up":[{"embeddable":true,"href":"https:\/\/www.dfp.ca\/fr\/wp-json\/wp\/v2\/pages\/665"}],"wp:attachment":[{"href":"https:\/\/www.dfp.ca\/fr\/wp-json\/wp\/v2\/media?parent=768"}],"curies":[{"name":"wp","href":"https:\/\/api.w.org\/{rel}","templated":true}]}}