{"id":770,"date":"2016-07-05T16:43:09","date_gmt":"2016-07-05T20:43:09","guid":{"rendered":"http:\/\/www.dfp.ca\/fr\/?page_id=770"},"modified":"2019-05-23T15:38:52","modified_gmt":"2019-05-23T19:38:52","slug":"enleve-cire-wax-off","status":"publish","type":"page","link":"https:\/\/www.dfp.ca\/fr\/bois\/liquides\/enleve-cire-wax-off\/","title":{"rendered":"ENL\u00c8VE CIRE \u00ab WAX-OFF \u00bb"},"content":{"rendered":"<div id=\"c7375\" class=\"csc-default\">\n<p><a href=\"\/wp-content\/uploads\/2016\/07\/waxoffbig.png\"><img loading=\"lazy\" decoding=\"async\" class=\"alignright size-full wp-image-772\" src=\"\/wp-content\/uploads\/2016\/07\/waxoff.png\" alt=\"waxoff\" width=\"195\" height=\"300\" srcset=\"https:\/\/www.dfp.ca\/wp-content\/uploads\/2016\/07\/waxoff.png 195w, https:\/\/www.dfp.ca\/wp-content\/uploads\/2016\/07\/waxoff-100x154.png 100w, https:\/\/www.dfp.ca\/wp-content\/uploads\/2016\/07\/waxoff-150x231.png 150w\" sizes=\"(max-width: 195px) 100vw, 195px\" \/><\/a>D\u00e9barrasse le fini des vieilles cires, huiles et polis avant de r\u00e9parer ou d\u2019appliquer une couche de finition. Nettoie \u00e0 merveille les accumulations collantes laiss\u00e9es sur les meubles par les cires et polis avant le repon\u00e7age. Indispensable pour le professionnel en finition. Appliquer en un mouvement circulaire \u00e0 l\u2019aide d\u2019un chiffon propre. Apr\u00e8s quelques minutes, enlever l\u2019exc\u00e8s avec un chiffon frais et propre.<\/p>\n<p>&nbsp;<\/p>\n<\/div>\n<div id=\"c7376\" class=\"csc-default\">\n<table class=\"contenttable contenttable-0\">\n<tbody>\n<tr class=\"tr-even tr-0\">\n<td class=\"td-0\">Article<\/td>\n<td class=\"td-last td-1\">Format<\/td>\n<\/tr>\n<tr class=\"tr-odd tr-1\">\n<td class=\"td-0\">777103<\/td>\n<td class=\"td-last td-1\">125 ml<\/td>\n<\/tr>\n<tr class=\"tr-even tr-2\">\n<td class=\"td-0\">777101<\/td>\n<td class=\"td-last td-1\">1 litre<\/td>\n<\/tr>\n<tr class=\"tr-odd tr-last\">\n<td class=\"td-0\">777100<\/td>\n<td class=\"td-last td-1\">4 litres<\/td>\n<\/tr>\n<\/tbody>\n<\/table>\n<\/div>\n","protected":false},"excerpt":{"rendered":"<p>D\u00e9barrasse le fini des vieilles cires, huiles et polis avant de r\u00e9parer ou d\u2019appliquer une couche de finition. Nettoie \u00e0 merveille les accumulations collantes laiss\u00e9es sur les meubles par les cires et polis avant le repon\u00e7age. Indispensable pour le professionnel en finition. Appliquer en un mouvement circulaire \u00e0 l\u2019aide d\u2019un chiffon propre. Apr\u00e8s quelques minutes, [&hellip;]<\/p>\n","protected":false},"author":1,"featured_media":0,"parent":665,"menu_order":0,"comment_status":"closed","ping_status":"closed","template":"template-left-sidebar.php","meta":{"footnotes":""},"class_list":["post-770","page","type-page","status-publish","hentry"],"_links":{"self":[{"href":"https:\/\/www.dfp.ca\/fr\/wp-json\/wp\/v2\/pages\/770"}],"collection":[{"href":"https:\/\/www.dfp.ca\/fr\/wp-json\/wp\/v2\/pages"}],"about":[{"href":"https:\/\/www.dfp.ca\/fr\/wp-json\/wp\/v2\/types\/page"}],"author":[{"embeddable":true,"href":"https:\/\/www.dfp.ca\/fr\/wp-json\/wp\/v2\/users\/1"}],"replies":[{"embeddable":true,"href":"https:\/\/www.dfp.ca\/fr\/wp-json\/wp\/v2\/comments?post=770"}],"version-history":[{"count":2,"href":"https:\/\/www.dfp.ca\/fr\/wp-json\/wp\/v2\/pages\/770\/revisions"}],"predecessor-version":[{"id":2706,"href":"https:\/\/www.dfp.ca\/fr\/wp-json\/wp\/v2\/pages\/770\/revisions\/2706"}],"up":[{"embeddable":true,"href":"https:\/\/www.dfp.ca\/fr\/wp-json\/wp\/v2\/pages\/665"}],"wp:attachment":[{"href":"https:\/\/www.dfp.ca\/fr\/wp-json\/wp\/v2\/media?parent=770"}],"curies":[{"name":"wp","href":"https:\/\/api.w.org\/{rel}","templated":true}]}}