{"id":780,"date":"2016-07-05T16:48:13","date_gmt":"2016-07-05T20:48:13","guid":{"rendered":"http:\/\/www.dfp.ca\/fr\/?page_id=780"},"modified":"2019-05-23T15:39:58","modified_gmt":"2019-05-23T19:39:58","slug":"huile-de-citron","status":"publish","type":"page","link":"https:\/\/www.dfp.ca\/fr\/bois\/liquides\/huile-de-citron\/","title":{"rendered":"HUILE DE CITRON"},"content":{"rendered":"<div id=\"c7378\" class=\"csc-default\">\n<p><a href=\"\/wp-content\/uploads\/2016\/07\/lemonoilbig.png\"><img loading=\"lazy\" decoding=\"async\" class=\"alignright size-full wp-image-778\" src=\"\/wp-content\/uploads\/2016\/07\/lemonoil.png\" alt=\"lemonoil\" width=\"300\" height=\"217\" srcset=\"https:\/\/www.dfp.ca\/wp-content\/uploads\/2016\/07\/lemonoil.png 300w, https:\/\/www.dfp.ca\/wp-content\/uploads\/2016\/07\/lemonoil-100x72.png 100w, https:\/\/www.dfp.ca\/wp-content\/uploads\/2016\/07\/lemonoil-150x109.png 150w, https:\/\/www.dfp.ca\/wp-content\/uploads\/2016\/07\/lemonoil-200x145.png 200w\" sizes=\"(max-width: 300px) 100vw, 300px\" \/><\/a><\/p>\n<div id=\"c7381\" class=\"csc-default\">\n<p>Rajeunit tout fini. Tr\u00e8s pratique pour nettoyage en manufacture et salle d\u2019exposition. Poli \u00e0 meuble de haute qualit\u00e9. Excellente comme huile de pon\u00e7age avec la pierre ponce ou la pierre d\u00e9compos\u00e9e.<\/p>\n<\/div>\n<div id=\"c7382\" class=\"csc-default\">\n<table class=\"contenttable contenttable-0\">\n<tbody>\n<tr class=\"tr-even tr-0\">\n<td class=\"td-0\">Article<\/td>\n<td class=\"td-last td-1\">Format<\/td>\n<\/tr>\n<tr class=\"tr-odd tr-1\">\n<td class=\"td-0\">680602<\/td>\n<td class=\"td-last td-1\">1 litre<\/td>\n<\/tr>\n<tr class=\"tr-even tr-last\">\n<td class=\"td-0\">680601<\/td>\n<td class=\"td-last td-1\">4 litres<\/td>\n<\/tr>\n<\/tbody>\n<\/table>\n<\/div>\n<\/div>\n<div id=\"c7379\" class=\"csc-default\"><\/div>\n","protected":false},"excerpt":{"rendered":"<p>Rajeunit tout fini. Tr\u00e8s pratique pour nettoyage en manufacture et salle d\u2019exposition. Poli \u00e0 meuble de haute qualit\u00e9. Excellente comme huile de pon\u00e7age avec la pierre ponce ou la pierre d\u00e9compos\u00e9e. Article Format 680602 1 litre 680601 4 litres<\/p>\n","protected":false},"author":1,"featured_media":0,"parent":665,"menu_order":0,"comment_status":"closed","ping_status":"closed","template":"template-left-sidebar.php","meta":{"footnotes":""},"class_list":["post-780","page","type-page","status-publish","hentry"],"_links":{"self":[{"href":"https:\/\/www.dfp.ca\/fr\/wp-json\/wp\/v2\/pages\/780"}],"collection":[{"href":"https:\/\/www.dfp.ca\/fr\/wp-json\/wp\/v2\/pages"}],"about":[{"href":"https:\/\/www.dfp.ca\/fr\/wp-json\/wp\/v2\/types\/page"}],"author":[{"embeddable":true,"href":"https:\/\/www.dfp.ca\/fr\/wp-json\/wp\/v2\/users\/1"}],"replies":[{"embeddable":true,"href":"https:\/\/www.dfp.ca\/fr\/wp-json\/wp\/v2\/comments?post=780"}],"version-history":[{"count":2,"href":"https:\/\/www.dfp.ca\/fr\/wp-json\/wp\/v2\/pages\/780\/revisions"}],"predecessor-version":[{"id":2708,"href":"https:\/\/www.dfp.ca\/fr\/wp-json\/wp\/v2\/pages\/780\/revisions\/2708"}],"up":[{"embeddable":true,"href":"https:\/\/www.dfp.ca\/fr\/wp-json\/wp\/v2\/pages\/665"}],"wp:attachment":[{"href":"https:\/\/www.dfp.ca\/fr\/wp-json\/wp\/v2\/media?parent=780"}],"curies":[{"name":"wp","href":"https:\/\/api.w.org\/{rel}","templated":true}]}}