{"id":782,"date":"2016-07-05T16:48:51","date_gmt":"2016-07-05T20:48:51","guid":{"rendered":"http:\/\/www.dfp.ca\/fr\/?page_id=782"},"modified":"2017-10-12T18:40:04","modified_gmt":"2017-10-12T22:40:04","slug":"polis-et-nettoyants","status":"publish","type":"page","link":"https:\/\/www.dfp.ca\/fr\/bois\/liquides\/polis-et-nettoyants\/","title":{"rendered":"Polis et nettoyants"},"content":{"rendered":"<div class=\"wc-shortcodes-row wc-shortcodes-item wc-shortcodes-clearfix\">\n<div class=\"wc-shortcodes-column wc-shortcodes-content wc-shortcodes-one-third wc-shortcodes-column-first \">\n<p><a href=\"\/fr\/bois\/liquides\/polis-et-nettoyants\/poli-et-nettoyeur-a-meuble\/\"><center><img decoding=\"async\" src=\"\/wp-content\/uploads\/2016\/07\/furniturepolishmenu.png\" alt=\"Poli \u00e0 meubles\" \/><\/center><\/p>\n<h4 style=\"text-align: center;\">Poli \u00e0 meubles<\/h4>\n<p><\/a>\n<\/div>\n<div class=\"wc-shortcodes-column wc-shortcodes-content wc-shortcodes-one-third wc-shortcodes-column- \">\n<p><a href=\"\/fr\/bois\/liquides\/polis-et-nettoyants\/poli-et-nettoyeur-a-melamine\/\"><center><img decoding=\"async\" src=\"\/wp-content\/uploads\/2016\/07\/countertopmenu.png\" alt=\"Poli \u00e0 m\u00e9lamine\" \/><\/center><\/p>\n<h4 style=\"text-align: center;\">Poli \u00e0 m\u00e9lamine<\/h4>\n<p><\/a>\n<\/div>\n<\/div>\n","protected":false},"excerpt":{"rendered":"<p>Poli \u00e0 meubles Poli \u00e0 m\u00e9lamine<\/p>\n","protected":false},"author":1,"featured_media":0,"parent":665,"menu_order":0,"comment_status":"closed","ping_status":"closed","template":"sidebar-content-page.php","meta":{"footnotes":""},"class_list":["post-782","page","type-page","status-publish","hentry"],"_links":{"self":[{"href":"https:\/\/www.dfp.ca\/fr\/wp-json\/wp\/v2\/pages\/782"}],"collection":[{"href":"https:\/\/www.dfp.ca\/fr\/wp-json\/wp\/v2\/pages"}],"about":[{"href":"https:\/\/www.dfp.ca\/fr\/wp-json\/wp\/v2\/types\/page"}],"author":[{"embeddable":true,"href":"https:\/\/www.dfp.ca\/fr\/wp-json\/wp\/v2\/users\/1"}],"replies":[{"embeddable":true,"href":"https:\/\/www.dfp.ca\/fr\/wp-json\/wp\/v2\/comments?post=782"}],"version-history":[{"count":7,"href":"https:\/\/www.dfp.ca\/fr\/wp-json\/wp\/v2\/pages\/782\/revisions"}],"predecessor-version":[{"id":2710,"href":"https:\/\/www.dfp.ca\/fr\/wp-json\/wp\/v2\/pages\/782\/revisions\/2710"}],"up":[{"embeddable":true,"href":"https:\/\/www.dfp.ca\/fr\/wp-json\/wp\/v2\/pages\/665"}],"wp:attachment":[{"href":"https:\/\/www.dfp.ca\/fr\/wp-json\/wp\/v2\/media?parent=782"}],"curies":[{"name":"wp","href":"https:\/\/api.w.org\/{rel}","templated":true}]}}