{"id":790,"date":"2016-07-05T16:53:47","date_gmt":"2016-07-05T20:53:47","guid":{"rendered":"http:\/\/www.dfp.ca\/fr\/?page_id=790"},"modified":"2017-10-12T18:40:54","modified_gmt":"2017-10-12T22:40:54","slug":"poli-et-nettoyeur-a-meuble","status":"publish","type":"page","link":"https:\/\/www.dfp.ca\/fr\/bois\/liquides\/polis-et-nettoyants\/poli-et-nettoyeur-a-meuble\/","title":{"rendered":"POLI ET NETTOYEUR \u00c0 MEUBLE"},"content":{"rendered":"<div id=\"c7384\" class=\"csc-default\">\n<p><a href=\"\/wp-content\/uploads\/2016\/07\/furniturepolishgallonbig.png\"><img loading=\"lazy\" decoding=\"async\" class=\"alignright size-full wp-image-788\" src=\"\/wp-content\/uploads\/2016\/07\/furniturepolishgallon.png\" alt=\"furniturepolishgallon\" width=\"175\" height=\"300\" srcset=\"https:\/\/www.dfp.ca\/wp-content\/uploads\/2016\/07\/furniturepolishgallon.png 175w, https:\/\/www.dfp.ca\/wp-content\/uploads\/2016\/07\/furniturepolishgallon-100x171.png 100w, https:\/\/www.dfp.ca\/wp-content\/uploads\/2016\/07\/furniturepolishgallon-150x257.png 150w\" sizes=\"(max-width: 175px) 100vw, 175px\" \/><\/a><\/p>\n<div id=\"c7387\" class=\"csc-default\">\n<p>Nous garantissons qu\u2019il donnera un lustre superbe et uniforme \u00e0 vos meubles, pianos et boiseries. Utilis\u00e9 par de grands fabricants depuis des ann\u00e9es, ce poli et nettoyant \u00e0 formulation exclusive prot\u00e8ge les surfaces finies contre les \u00e9claboussures d\u2019eau, la s\u00e9cheresse et l\u2019usure courante. Ce nettoyant d\u00e9licat, exempt de silicones, de cire et d\u2019acides \u00e9limine la poussi\u00e8re, les traces de doigts, les tra\u00een\u00e9es et rafra\u00eechit le fini. C\u2019est la touche finale de tout proc\u00e9d\u00e9 de production ou de r\u00e9paration.<\/p>\n<p>&nbsp;<\/p>\n<\/div>\n<div id=\"c7388\" class=\"csc-default\">\n<table class=\"contenttable contenttable-0\">\n<tbody>\n<tr class=\"tr-even tr-0\">\n<td class=\"td-0\">Article<\/td>\n<td class=\"td-1\">Description<\/td>\n<td class=\"td-last td-2\">Format<\/td>\n<\/tr>\n<tr class=\"tr-odd tr-last\">\n<td class=\"td-0\">686020<\/td>\n<td class=\"td-1\">Poli et nettoyeur \u00e0 meuble<\/td>\n<td class=\"td-last td-2\">Gallon<\/td>\n<\/tr>\n<\/tbody>\n<\/table>\n<\/div>\n<\/div>\n<div id=\"c7385\" class=\"csc-default\"><\/div>\n","protected":false},"excerpt":{"rendered":"<p>Nous garantissons qu\u2019il donnera un lustre superbe et uniforme \u00e0 vos meubles, pianos et boiseries. Utilis\u00e9 par de grands fabricants depuis des ann\u00e9es, ce poli et nettoyant \u00e0 formulation exclusive prot\u00e8ge les surfaces finies contre les \u00e9claboussures d\u2019eau, la s\u00e9cheresse et l\u2019usure courante. Ce nettoyant d\u00e9licat, exempt de silicones, de cire et d\u2019acides \u00e9limine la [&hellip;]<\/p>\n","protected":false},"author":1,"featured_media":0,"parent":782,"menu_order":0,"comment_status":"closed","ping_status":"closed","template":"template-left-sidebar.php","meta":{"footnotes":""},"class_list":["post-790","page","type-page","status-publish","hentry"],"_links":{"self":[{"href":"https:\/\/www.dfp.ca\/fr\/wp-json\/wp\/v2\/pages\/790"}],"collection":[{"href":"https:\/\/www.dfp.ca\/fr\/wp-json\/wp\/v2\/pages"}],"about":[{"href":"https:\/\/www.dfp.ca\/fr\/wp-json\/wp\/v2\/types\/page"}],"author":[{"embeddable":true,"href":"https:\/\/www.dfp.ca\/fr\/wp-json\/wp\/v2\/users\/1"}],"replies":[{"embeddable":true,"href":"https:\/\/www.dfp.ca\/fr\/wp-json\/wp\/v2\/comments?post=790"}],"version-history":[{"count":2,"href":"https:\/\/www.dfp.ca\/fr\/wp-json\/wp\/v2\/pages\/790\/revisions"}],"predecessor-version":[{"id":2713,"href":"https:\/\/www.dfp.ca\/fr\/wp-json\/wp\/v2\/pages\/790\/revisions\/2713"}],"up":[{"embeddable":true,"href":"https:\/\/www.dfp.ca\/fr\/wp-json\/wp\/v2\/pages\/782"}],"wp:attachment":[{"href":"https:\/\/www.dfp.ca\/fr\/wp-json\/wp\/v2\/media?parent=790"}],"curies":[{"name":"wp","href":"https:\/\/api.w.org\/{rel}","templated":true}]}}