{"id":792,"date":"2016-07-05T16:55:53","date_gmt":"2016-07-05T20:55:53","guid":{"rendered":"http:\/\/www.dfp.ca\/fr\/?page_id=792"},"modified":"2017-10-12T18:41:10","modified_gmt":"2017-10-12T22:41:10","slug":"poli-et-nettoyeur-a-melamine","status":"publish","type":"page","link":"https:\/\/www.dfp.ca\/fr\/bois\/liquides\/polis-et-nettoyants\/poli-et-nettoyeur-a-melamine\/","title":{"rendered":"POLI ET NETTOYEUR \u00c0 M\u00c9LAMINE"},"content":{"rendered":"<div id=\"c7393\" class=\"csc-default\">\n<p><i><a href=\"\/wp-content\/uploads\/2016\/07\/melaminepolishgallonbig.png\"><img loading=\"lazy\" decoding=\"async\" class=\"alignright size-full wp-image-794\" src=\"\/wp-content\/uploads\/2016\/07\/melaminepolishgallon.png\" alt=\"melaminepolishgallon\" width=\"177\" height=\"300\" srcset=\"https:\/\/www.dfp.ca\/wp-content\/uploads\/2016\/07\/melaminepolishgallon.png 177w, https:\/\/www.dfp.ca\/wp-content\/uploads\/2016\/07\/melaminepolishgallon-100x169.png 100w, https:\/\/www.dfp.ca\/wp-content\/uploads\/2016\/07\/melaminepolishgallon-150x254.png 150w\" sizes=\"(max-width: 177px) 100vw, 177px\" \/><\/a>Formule sans traces pour armoires, comptoirs et meubles<\/i><\/p>\n<p>&nbsp;<\/p>\n<p><b>Id\u00e9al pour le Formica\u00ae, l\u2019Arborite\u00ae et d\u2019autres stratifi\u00e9s y compris le Corian\u00ae.\u00a0<\/b><br \/>\nIl y a d\u00e9j\u00e0 longtemps que les gens nous demandent un produit qui nettoyera la m\u00e9lamine sans laisser un r\u00e9sidu graisseux. Voici donc notre propre et toute nouvelle formule de poli-nettoyant con\u00e7u pour enlever la poussi\u00e8re, les empreintes et les taches, rehaussant le fini qui brillera de propret\u00e9. Prot\u00e8ge contre l\u2019eau et pr\u00e9vient les craquelures. Aucune accumulation cireux ou collante. Ne contient aucun silicone ou acide nocif. N\u2019ab\u00eemera pas les surfaces de plastique. Formule inodore. Ininflammable.<\/p>\n<p>&nbsp;<\/p>\n<\/div>\n<div id=\"c7394\" class=\"csc-default\">\n<table class=\"contenttable contenttable-0\">\n<tbody>\n<tr class=\"tr-even tr-0\">\n<td class=\"td-0\">Article<\/td>\n<td class=\"td-1\">Description<\/td>\n<td class=\"td-last td-2\">Format<\/td>\n<\/tr>\n<tr class=\"tr-odd tr-last\">\n<td class=\"td-0\">686070<\/td>\n<td class=\"td-1\">Poli et nettoyeur \u00e0 m\u00e9lamine<\/td>\n<td class=\"td-last td-2\">Gallon<\/td>\n<\/tr>\n<\/tbody>\n<\/table>\n<\/div>\n","protected":false},"excerpt":{"rendered":"<p>Formule sans traces pour armoires, comptoirs et meubles &nbsp; Id\u00e9al pour le Formica\u00ae, l\u2019Arborite\u00ae et d\u2019autres stratifi\u00e9s y compris le Corian\u00ae.\u00a0 Il y a d\u00e9j\u00e0 longtemps que les gens nous demandent un produit qui nettoyera la m\u00e9lamine sans laisser un r\u00e9sidu graisseux. Voici donc notre propre et toute nouvelle formule de poli-nettoyant con\u00e7u pour enlever [&hellip;]<\/p>\n","protected":false},"author":1,"featured_media":0,"parent":782,"menu_order":0,"comment_status":"closed","ping_status":"closed","template":"sidebar-content-page.php","meta":{"footnotes":""},"class_list":["post-792","page","type-page","status-publish","hentry"],"_links":{"self":[{"href":"https:\/\/www.dfp.ca\/fr\/wp-json\/wp\/v2\/pages\/792"}],"collection":[{"href":"https:\/\/www.dfp.ca\/fr\/wp-json\/wp\/v2\/pages"}],"about":[{"href":"https:\/\/www.dfp.ca\/fr\/wp-json\/wp\/v2\/types\/page"}],"author":[{"embeddable":true,"href":"https:\/\/www.dfp.ca\/fr\/wp-json\/wp\/v2\/users\/1"}],"replies":[{"embeddable":true,"href":"https:\/\/www.dfp.ca\/fr\/wp-json\/wp\/v2\/comments?post=792"}],"version-history":[{"count":2,"href":"https:\/\/www.dfp.ca\/fr\/wp-json\/wp\/v2\/pages\/792\/revisions"}],"predecessor-version":[{"id":2714,"href":"https:\/\/www.dfp.ca\/fr\/wp-json\/wp\/v2\/pages\/792\/revisions\/2714"}],"up":[{"embeddable":true,"href":"https:\/\/www.dfp.ca\/fr\/wp-json\/wp\/v2\/pages\/782"}],"wp:attachment":[{"href":"https:\/\/www.dfp.ca\/fr\/wp-json\/wp\/v2\/media?parent=792"}],"curies":[{"name":"wp","href":"https:\/\/api.w.org\/{rel}","templated":true}]}}