{"id":804,"date":"2016-07-05T17:02:20","date_gmt":"2016-07-05T21:02:20","guid":{"rendered":"http:\/\/www.dfp.ca\/fr\/?page_id=804"},"modified":"2019-05-23T15:38:34","modified_gmt":"2019-05-23T19:38:34","slug":"efface-eraflures","status":"publish","type":"page","link":"https:\/\/www.dfp.ca\/fr\/bois\/liquides\/efface-eraflures\/","title":{"rendered":"EFFACE \u00c9RAFLURES"},"content":{"rendered":"<div id=\"c7396\" class=\"csc-default\">\n<p><i><a href=\"\/wp-content\/uploads\/2016\/07\/scratchremovergallonbig.png\"><img loading=\"lazy\" decoding=\"async\" class=\"alignright size-full wp-image-802\" src=\"\/wp-content\/uploads\/2016\/07\/scratchremovergallon.png\" alt=\"scratchremovergallon\" width=\"300\" height=\"285\" srcset=\"https:\/\/www.dfp.ca\/wp-content\/uploads\/2016\/07\/scratchremovergallon.png 300w, https:\/\/www.dfp.ca\/wp-content\/uploads\/2016\/07\/scratchremovergallon-100x95.png 100w, https:\/\/www.dfp.ca\/wp-content\/uploads\/2016\/07\/scratchremovergallon-150x143.png 150w, https:\/\/www.dfp.ca\/wp-content\/uploads\/2016\/07\/scratchremovergallon-200x190.png 200w\" sizes=\"(max-width: 300px) 100vw, 300px\" \/><\/a><\/i><\/p>\n<div id=\"c7399\" class=\"csc-default\">\n<p><i>Pour bois fonc\u00e9 ou pour bois p\u00e2le<\/i><\/p>\n<p>Poli \u00e0 base d\u2019huile colorante pour cacher les \u00e9raflures mineures et les traces d\u2019usure sur les meubles, planchers, panneaux, et autres surfaces en bois. Excellent poli pour nettoyer les meubles usag\u00e9s sans aucune accumulation cireuse ou collante. Prot\u00e8ge contre l\u2019eau et pr\u00e9vient les craquelures. Utilis\u00e9 par les manufacturiers pour dissimuler les r\u00e9sidus autour des d\u00e9coupages apr\u00e8s le polissage. Ne contient pas de silicone, ne se d\u00e9colore pas. Un outil de retouche indispensable pour les manufacturiers, installateurs, et les d\u00e9m\u00e9nageurs.<\/p>\n<p><b>Pour bois fonc\u00e9<\/b>\u00a0: Recommand\u00e9 pour le noyer, l\u2019acajou, et autres bois fonc\u00e9.<\/p>\n<p><b>Pour bois p\u00e2le<\/b>\u00a0: Recommand\u00e9 pour l\u2019\u00e9rable, le pin et autres bois p\u00e2les<\/p>\n<p>&nbsp;<\/p>\n<\/div>\n<div id=\"c7400\" class=\"csc-default\">\n<table class=\"contenttable contenttable-0\">\n<tbody>\n<tr class=\"tr-even tr-0\">\n<td class=\"td-0\">Article<\/td>\n<td class=\"td-1\">Description<\/td>\n<td class=\"td-last td-2\">Format<\/td>\n<\/tr>\n<tr class=\"tr-odd tr-1\">\n<td class=\"td-0\">777060<\/td>\n<td class=\"td-1\">Efface \u00e9raflures pour bois p\u00e2le<\/td>\n<td class=\"td-last td-2\">Gallon<\/td>\n<\/tr>\n<tr class=\"tr-even tr-last\">\n<td class=\"td-0\">777080<\/td>\n<td class=\"td-1\">Efface \u00e9raflures pour bois fonc\u00e9<\/td>\n<td class=\"td-last td-2\">Gallon<\/td>\n<\/tr>\n<\/tbody>\n<\/table>\n<\/div>\n<p><i>\u00a0<\/i><\/p>\n<\/div>\n<div id=\"c7397\" class=\"csc-default\"><\/div>\n","protected":false},"excerpt":{"rendered":"<p>Pour bois fonc\u00e9 ou pour bois p\u00e2le Poli \u00e0 base d\u2019huile colorante pour cacher les \u00e9raflures mineures et les traces d\u2019usure sur les meubles, planchers, panneaux, et autres surfaces en bois. Excellent poli pour nettoyer les meubles usag\u00e9s sans aucune accumulation cireuse ou collante. Prot\u00e8ge contre l\u2019eau et pr\u00e9vient les craquelures. Utilis\u00e9 par les manufacturiers [&hellip;]<\/p>\n","protected":false},"author":1,"featured_media":0,"parent":665,"menu_order":0,"comment_status":"closed","ping_status":"closed","template":"template-left-sidebar.php","meta":{"footnotes":""},"class_list":["post-804","page","type-page","status-publish","hentry"],"_links":{"self":[{"href":"https:\/\/www.dfp.ca\/fr\/wp-json\/wp\/v2\/pages\/804"}],"collection":[{"href":"https:\/\/www.dfp.ca\/fr\/wp-json\/wp\/v2\/pages"}],"about":[{"href":"https:\/\/www.dfp.ca\/fr\/wp-json\/wp\/v2\/types\/page"}],"author":[{"embeddable":true,"href":"https:\/\/www.dfp.ca\/fr\/wp-json\/wp\/v2\/users\/1"}],"replies":[{"embeddable":true,"href":"https:\/\/www.dfp.ca\/fr\/wp-json\/wp\/v2\/comments?post=804"}],"version-history":[{"count":2,"href":"https:\/\/www.dfp.ca\/fr\/wp-json\/wp\/v2\/pages\/804\/revisions"}],"predecessor-version":[{"id":2716,"href":"https:\/\/www.dfp.ca\/fr\/wp-json\/wp\/v2\/pages\/804\/revisions\/2716"}],"up":[{"embeddable":true,"href":"https:\/\/www.dfp.ca\/fr\/wp-json\/wp\/v2\/pages\/665"}],"wp:attachment":[{"href":"https:\/\/www.dfp.ca\/fr\/wp-json\/wp\/v2\/media?parent=804"}],"curies":[{"name":"wp","href":"https:\/\/api.w.org\/{rel}","templated":true}]}}