{"id":816,"date":"2016-07-05T17:10:45","date_gmt":"2016-07-05T21:10:45","guid":{"rendered":"http:\/\/www.dfp.ca\/fr\/?page_id=816"},"modified":"2019-05-23T15:42:13","modified_gmt":"2019-05-23T19:42:13","slug":"trousse-de-retouche-pour-le-bois","status":"publish","type":"page","link":"https:\/\/www.dfp.ca\/fr\/bois\/marque-maison\/trousse-de-retouche-pour-le-bois\/","title":{"rendered":"TROUSSE DE RETOUCHE POUR LE BOIS"},"content":{"rendered":"<p><a href=\"http:\/\/www.dfp.ca\/wp-content\/uploads\/2016\/07\/tukitprivatebig.png\"><img loading=\"lazy\" decoding=\"async\" class=\"alignright size-full wp-image-814\" src=\"http:\/\/www.dfp.ca\/wp-content\/uploads\/2016\/07\/tukitprivate.png\" alt=\"tukitprivate\" width=\"300\" height=\"243\" srcset=\"https:\/\/www.dfp.ca\/wp-content\/uploads\/2016\/07\/tukitprivate.png 300w, https:\/\/www.dfp.ca\/wp-content\/uploads\/2016\/07\/tukitprivate-100x81.png 100w, https:\/\/www.dfp.ca\/wp-content\/uploads\/2016\/07\/tukitprivate-150x122.png 150w, https:\/\/www.dfp.ca\/wp-content\/uploads\/2016\/07\/tukitprivate-200x162.png 200w\" sizes=\"(max-width: 300px) 100vw, 300px\" \/><\/a>Comprend 1 de chaque : B\u00e2tonnet de remplissage classique ou production, marqueur de retouche Usine ou Pompe, mode d\u2019emploi complet. Pr\u00eat \u00e0 poster dans une enveloppe matelass\u00e9e et robuste ou une bo\u00eete petite et pratique.<\/p>\n","protected":false},"excerpt":{"rendered":"<p>Comprend 1 de chaque : B\u00e2tonnet de remplissage classique ou production, marqueur de retouche Usine ou Pompe, mode d\u2019emploi complet. Pr\u00eat \u00e0 poster dans une enveloppe matelass\u00e9e et robuste ou une bo\u00eete petite et pratique.<\/p>\n","protected":false},"author":1,"featured_media":0,"parent":806,"menu_order":0,"comment_status":"closed","ping_status":"closed","template":"template-left-sidebar.php","meta":{"footnotes":""},"class_list":["post-816","page","type-page","status-publish","hentry"],"_links":{"self":[{"href":"https:\/\/www.dfp.ca\/fr\/wp-json\/wp\/v2\/pages\/816"}],"collection":[{"href":"https:\/\/www.dfp.ca\/fr\/wp-json\/wp\/v2\/pages"}],"about":[{"href":"https:\/\/www.dfp.ca\/fr\/wp-json\/wp\/v2\/types\/page"}],"author":[{"embeddable":true,"href":"https:\/\/www.dfp.ca\/fr\/wp-json\/wp\/v2\/users\/1"}],"replies":[{"embeddable":true,"href":"https:\/\/www.dfp.ca\/fr\/wp-json\/wp\/v2\/comments?post=816"}],"version-history":[{"count":1,"href":"https:\/\/www.dfp.ca\/fr\/wp-json\/wp\/v2\/pages\/816\/revisions"}],"predecessor-version":[{"id":817,"href":"https:\/\/www.dfp.ca\/fr\/wp-json\/wp\/v2\/pages\/816\/revisions\/817"}],"up":[{"embeddable":true,"href":"https:\/\/www.dfp.ca\/fr\/wp-json\/wp\/v2\/pages\/806"}],"wp:attachment":[{"href":"https:\/\/www.dfp.ca\/fr\/wp-json\/wp\/v2\/media?parent=816"}],"curies":[{"name":"wp","href":"https:\/\/api.w.org\/{rel}","templated":true}]}}