{"id":818,"date":"2016-07-05T17:26:15","date_gmt":"2016-07-05T21:26:15","guid":{"rendered":"http:\/\/www.dfp.ca\/fr\/?page_id=818"},"modified":"2019-05-23T15:42:05","modified_gmt":"2019-05-23T19:42:05","slug":"systeme-de-retouche-pour-le-bois","status":"publish","type":"page","link":"https:\/\/www.dfp.ca\/fr\/bois\/marque-maison\/systeme-de-retouche-pour-le-bois\/","title":{"rendered":"SYST\u00c8ME DE RETOUCHE POUR LE BOIS"},"content":{"rendered":"<p><a href=\"\/wp-content\/uploads\/2016\/07\/tusystemprivatebig.png\"><img loading=\"lazy\" decoding=\"async\" class=\"alignright size-full wp-image-820\" src=\"\/wp-content\/uploads\/2016\/07\/tusystemprivate.png\" alt=\"tusystemprivate\" width=\"300\" height=\"303\" srcset=\"https:\/\/www.dfp.ca\/wp-content\/uploads\/2016\/07\/tusystemprivate.png 300w, https:\/\/www.dfp.ca\/wp-content\/uploads\/2016\/07\/tusystemprivate-297x300.png 297w, https:\/\/www.dfp.ca\/wp-content\/uploads\/2016\/07\/tusystemprivate-100x101.png 100w, https:\/\/www.dfp.ca\/wp-content\/uploads\/2016\/07\/tusystemprivate-150x152.png 150w, https:\/\/www.dfp.ca\/wp-content\/uploads\/2016\/07\/tusystemprivate-200x202.png 200w\" sizes=\"(max-width: 300px) 100vw, 300px\" \/><\/a>Vos clients remarqueront cette trousse de belle pr\u00e9sentation. La coquille r\u00e9utilisable se tient debout sur un comptoir ou une tablette, et peut aussi \u00eatre suspendue. Comprend 1 de chaque : B\u00e2tonnet de remplissage classique ou production, marqueur de retouche Usine ou Pompe, fini Cristallin clair avec bouchon \u00e0 pinceau, mode d\u2019emploi complet.<\/p>\n","protected":false},"excerpt":{"rendered":"<p>Vos clients remarqueront cette trousse de belle pr\u00e9sentation. La coquille r\u00e9utilisable se tient debout sur un comptoir ou une tablette, et peut aussi \u00eatre suspendue. Comprend 1 de chaque : B\u00e2tonnet de remplissage classique ou production, marqueur de retouche Usine ou Pompe, fini Cristallin clair avec bouchon \u00e0 pinceau, mode d\u2019emploi complet.<\/p>\n","protected":false},"author":1,"featured_media":0,"parent":806,"menu_order":0,"comment_status":"closed","ping_status":"closed","template":"template-left-sidebar.php","meta":{"footnotes":""},"class_list":["post-818","page","type-page","status-publish","hentry"],"_links":{"self":[{"href":"https:\/\/www.dfp.ca\/fr\/wp-json\/wp\/v2\/pages\/818"}],"collection":[{"href":"https:\/\/www.dfp.ca\/fr\/wp-json\/wp\/v2\/pages"}],"about":[{"href":"https:\/\/www.dfp.ca\/fr\/wp-json\/wp\/v2\/types\/page"}],"author":[{"embeddable":true,"href":"https:\/\/www.dfp.ca\/fr\/wp-json\/wp\/v2\/users\/1"}],"replies":[{"embeddable":true,"href":"https:\/\/www.dfp.ca\/fr\/wp-json\/wp\/v2\/comments?post=818"}],"version-history":[{"count":2,"href":"https:\/\/www.dfp.ca\/fr\/wp-json\/wp\/v2\/pages\/818\/revisions"}],"predecessor-version":[{"id":2817,"href":"https:\/\/www.dfp.ca\/fr\/wp-json\/wp\/v2\/pages\/818\/revisions\/2817"}],"up":[{"embeddable":true,"href":"https:\/\/www.dfp.ca\/fr\/wp-json\/wp\/v2\/pages\/806"}],"wp:attachment":[{"href":"https:\/\/www.dfp.ca\/fr\/wp-json\/wp\/v2\/media?parent=818"}],"curies":[{"name":"wp","href":"https:\/\/api.w.org\/{rel}","templated":true}]}}