{"id":828,"date":"2016-07-05T17:31:36","date_gmt":"2016-07-05T21:31:36","guid":{"rendered":"http:\/\/www.dfp.ca\/fr\/?page_id=828"},"modified":"2019-05-23T15:41:31","modified_gmt":"2019-05-23T19:41:31","slug":"poli-et-nettoyeur-a-meuble-personnalise","status":"publish","type":"page","link":"https:\/\/www.dfp.ca\/fr\/bois\/marque-maison\/poli-et-nettoyeur-a-meuble-personnalise\/","title":{"rendered":"POLI ET NETTOYEUR A MEUBLE PERSONNALIS\u00c9"},"content":{"rendered":"<div id=\"c7779\" class=\"csc-default\">\n<div class=\"csc-textpic csc-textpic-intext-right csc-textpic-equalheight\">\n<div class=\"csc-textpic-text\">\n<p class=\"bodytext\"><i><a href=\"\/wp-content\/uploads\/2016\/07\/personalisedpolishbig.png\"><img loading=\"lazy\" decoding=\"async\" class=\"alignright size-full wp-image-826\" src=\"\/wp-content\/uploads\/2016\/07\/personalisedpolish.png\" alt=\"personalisedpolish\" width=\"171\" height=\"300\" srcset=\"https:\/\/www.dfp.ca\/wp-content\/uploads\/2016\/07\/personalisedpolish.png 171w, https:\/\/www.dfp.ca\/wp-content\/uploads\/2016\/07\/personalisedpolish-100x175.png 100w, https:\/\/www.dfp.ca\/wp-content\/uploads\/2016\/07\/personalisedpolish-150x263.png 150w\" sizes=\"(max-width: 171px) 100vw, 171px\" \/><\/a><\/i><\/p>\n<div id=\"c7781\" class=\"csc-default\">\n<div class=\"csc-textpic csc-textpic-intext-right csc-textpic-equalheight\">\n<div class=\"csc-textpic-text\">\n<p class=\"bodytext\"><i>De la publicit\u00e9 qui ne co\u00fbte pas cher et qui rapporte!<\/i><\/p>\n<p class=\"bodytext\">\n<p class=\"bodytext\">Augmentez votre client\u00e8le sans trop d\u00e9penser gr\u00e2ce \u00e0 votre propre poli \u00e0 meubles. Offrez \u00e0 vos clients le m\u00eame poli que nous offrons depuis des ann\u00e9es aux manufacturiers de meubles de renom ainsi qu\u2019aux professionnels de la finition.<\/p>\n<p class=\"bodytext\">\n<p class=\"bodytext\">Sur demande, nous imprimons sur des \u00e9tiquettes de style professionnelle le nom de votre compagnie, l\u2019adresse et num\u00e9ro de t\u00e9l\u00e9phone ainsi que votre prix de vente. Excellente fa\u00e7on de vous faire conna\u00eetre: une fois le produit \u00e9puis\u00e9, on s\u2019adressera chez vous pour recommander.<\/p>\n<p class=\"bodytext\">\n<p class=\"bodytext\">Commande minimum : 80 bouteilles<\/p>\n<\/div>\n<\/div>\n<\/div>\n<div id=\"c7782\" class=\"csc-default\">\n<table class=\"contenttable contenttable-0\">\n<tbody>\n<tr class=\"tr-even tr-0\">\n<td class=\"td-0\">Article<\/td>\n<td class=\"td-last td-1\">Grandeur<\/td>\n<\/tr>\n<tr class=\"tr-odd tr-last\">\n<td class=\"td-0\">685230<\/td>\n<td class=\"td-last td-1\">225 ml<\/td>\n<\/tr>\n<\/tbody>\n<\/table>\n<\/div>\n<p class=\"bodytext\"><i>\u00a0<\/i><\/p>\n<\/div>\n<\/div>\n<\/div>\n<div id=\"c7780\" class=\"csc-default\"><\/div>\n","protected":false},"excerpt":{"rendered":"<p>De la publicit\u00e9 qui ne co\u00fbte pas cher et qui rapporte! Augmentez votre client\u00e8le sans trop d\u00e9penser gr\u00e2ce \u00e0 votre propre poli \u00e0 meubles. Offrez \u00e0 vos clients le m\u00eame poli que nous offrons depuis des ann\u00e9es aux manufacturiers de meubles de renom ainsi qu\u2019aux professionnels de la finition. Sur demande, nous imprimons sur des [&hellip;]<\/p>\n","protected":false},"author":1,"featured_media":0,"parent":806,"menu_order":0,"comment_status":"closed","ping_status":"closed","template":"template-left-sidebar.php","meta":{"footnotes":""},"class_list":["post-828","page","type-page","status-publish","hentry"],"_links":{"self":[{"href":"https:\/\/www.dfp.ca\/fr\/wp-json\/wp\/v2\/pages\/828"}],"collection":[{"href":"https:\/\/www.dfp.ca\/fr\/wp-json\/wp\/v2\/pages"}],"about":[{"href":"https:\/\/www.dfp.ca\/fr\/wp-json\/wp\/v2\/types\/page"}],"author":[{"embeddable":true,"href":"https:\/\/www.dfp.ca\/fr\/wp-json\/wp\/v2\/users\/1"}],"replies":[{"embeddable":true,"href":"https:\/\/www.dfp.ca\/fr\/wp-json\/wp\/v2\/comments?post=828"}],"version-history":[{"count":2,"href":"https:\/\/www.dfp.ca\/fr\/wp-json\/wp\/v2\/pages\/828\/revisions"}],"predecessor-version":[{"id":2815,"href":"https:\/\/www.dfp.ca\/fr\/wp-json\/wp\/v2\/pages\/828\/revisions\/2815"}],"up":[{"embeddable":true,"href":"https:\/\/www.dfp.ca\/fr\/wp-json\/wp\/v2\/pages\/806"}],"wp:attachment":[{"href":"https:\/\/www.dfp.ca\/fr\/wp-json\/wp\/v2\/media?parent=828"}],"curies":[{"name":"wp","href":"https:\/\/api.w.org\/{rel}","templated":true}]}}