{"id":830,"date":"2016-07-05T17:33:09","date_gmt":"2016-07-05T21:33:09","guid":{"rendered":"http:\/\/www.dfp.ca\/fr\/?page_id=830"},"modified":"2021-11-10T07:41:26","modified_gmt":"2021-11-10T12:41:26","slug":"secret-du-metier","status":"publish","type":"page","link":"https:\/\/www.dfp.ca\/fr\/bois\/secret-du-metier\/","title":{"rendered":"SECRET DU METIER (MD)"},"content":{"rendered":"<p><strong>\u00caTES-VOUS UN CONSOMMATEUR? <\/strong><\/p>\n<p>Pour toutes plus information sur les produits Secret du M\u00e9tier<sup>MD<\/sup>, s&#8217;il vous pla\u00eet visitez notre site web <a href=\"http:\/\/www.tradesecret.ca\"> www.secretdumetier.ca <\/a><\/p>\n<p><strong>\u00caTES-VOUS UN D\u00c9TAILLANT OU FABRICANT? <\/strong><\/p>\n<p>Notre gamme de produits Secret du M\u00e9tier est le compl\u00e9ment parfait \u00e0 tout magasin de meubles, \u00e9b\u00e9nistes ou magasin grande surface. <em>SVP noter que ces produits sont vendus par caisse seulement. <\/em><\/p>\n<p><strong>Pour l&#8217;entretien du bois:<\/strong><\/p>\n<p><a href=\"http:\/\/www.dfp.ca\/fr\/bois\/liquides\/polis-et-nettoyants\/\">Poli et nettoyeur \u00e0 meubles<\/a><br \/>\n<a href=\"http:\/\/www.dfp.ca\/fr\/bois\/secret-du-metier\/efface-eraflures-pour-bois\/\">Efface \u00e9raflures pour bois<\/a><\/p>\n<p><strong>Pour la retouche ou la r\u00e9paration de bois:<\/strong><\/p>\n<p><a href=\"http:\/\/www.dfp.ca\/fr\/bois\/secret-du-metier\/ensemble-de-restauration-pour-meubles\/\">Ensemble de restauration pour meubles<\/a><br \/>\n<a href=\"http:\/\/www.dfp.ca\/fr\/bois\/secret-du-metier\/batonnets-de-retouche\/\">B\u00e2tonnets de retouche<\/a><br \/>\n<a href=\"http:\/\/www.dfp.ca\/fr\/bois\/secret-du-metier\/marqueurs-de-retouche\/\">Marqueurs de retouche pour le bois<\/a><br \/>\n<a href=\"http:\/\/www.dfp.ca\/fr\/bois\/secret-du-metier\/systeme-de-retouche-pour-le-bois\/\">Syst\u00e8me de retouche pour bois et planchers<\/a><\/p>\n<p><strong>Autres produits:<\/strong><br \/>\n<a href=\"http:\/\/www.dfp.ca\/fr\/bois\/secret-du-metier\/poli-et-nettoyeur-a-melamine\/\">Poli et nettoyeur \u00e0 m\u00e9lamine<\/a><br \/>\n<a href=\"http:\/\/www.dfp.ca\/fr\/bois\/secret-du-metier\/poli-et-nettoyeur-pour-acier-inoxydable\/\">Poli et nettoyeur pour acier inoxydable<\/a><br \/>\n<a href=\"http:\/\/www.dfp.ca\/fr\/bois\/secret-du-metier\/protecteur-de-tissu-exterieur\/\">Protecteur de tissu ext\u00e9rieur<\/a><br \/>\n<a href=\"http:\/\/www.dfp.ca\/fr\/bois\/secret-du-metier\/protecteur-pour-meubles-exterieur\/\">Protecteur pour meubles ext\u00e9rieur<\/a><br \/>\n<a href=\"http:\/\/www.dfp.ca\/fr\/bois\/secret-du-metier\/nettoyeur-pour-tissu-exterieur\/\">Nettoyeur pour tissu ext\u00e9rieur<\/a><\/p>\n","protected":false},"excerpt":{"rendered":"<p>\u00caTES-VOUS UN CONSOMMATEUR? Pour toutes plus information sur les produits Secret du M\u00e9tierMD, s&#8217;il vous pla\u00eet visitez notre site web www.secretdumetier.ca \u00caTES-VOUS UN D\u00c9TAILLANT OU FABRICANT? Notre gamme de produits Secret du M\u00e9tier est le compl\u00e9ment parfait \u00e0 tout magasin de meubles, \u00e9b\u00e9nistes ou magasin grande surface. SVP noter que ces produits sont vendus par [&hellip;]<\/p>\n","protected":false},"author":1,"featured_media":0,"parent":184,"menu_order":0,"comment_status":"closed","ping_status":"closed","template":"","meta":{"footnotes":""},"class_list":["post-830","page","type-page","status-publish","hentry"],"_links":{"self":[{"href":"https:\/\/www.dfp.ca\/fr\/wp-json\/wp\/v2\/pages\/830"}],"collection":[{"href":"https:\/\/www.dfp.ca\/fr\/wp-json\/wp\/v2\/pages"}],"about":[{"href":"https:\/\/www.dfp.ca\/fr\/wp-json\/wp\/v2\/types\/page"}],"author":[{"embeddable":true,"href":"https:\/\/www.dfp.ca\/fr\/wp-json\/wp\/v2\/users\/1"}],"replies":[{"embeddable":true,"href":"https:\/\/www.dfp.ca\/fr\/wp-json\/wp\/v2\/comments?post=830"}],"version-history":[{"count":9,"href":"https:\/\/www.dfp.ca\/fr\/wp-json\/wp\/v2\/pages\/830\/revisions"}],"predecessor-version":[{"id":4507,"href":"https:\/\/www.dfp.ca\/fr\/wp-json\/wp\/v2\/pages\/830\/revisions\/4507"}],"up":[{"embeddable":true,"href":"https:\/\/www.dfp.ca\/fr\/wp-json\/wp\/v2\/pages\/184"}],"wp:attachment":[{"href":"https:\/\/www.dfp.ca\/fr\/wp-json\/wp\/v2\/media?parent=830"}],"curies":[{"name":"wp","href":"https:\/\/api.w.org\/{rel}","templated":true}]}}