{"id":836,"date":"2016-07-05T17:36:41","date_gmt":"2016-07-05T21:36:41","guid":{"rendered":"http:\/\/www.dfp.ca\/fr\/?page_id=836"},"modified":"2016-07-13T10:27:45","modified_gmt":"2016-07-13T14:27:45","slug":"faq","status":"publish","type":"page","link":"https:\/\/www.dfp.ca\/fr\/faq\/","title":{"rendered":"FAQ"},"content":{"rendered":"<div id=\"c7529\" class=\"csc-default\">\n<p class=\"question\"><strong>Comment peut-on \u00e9liminer les surfaces laiteuses qui se sont form\u00e9es sur le fini ?<\/strong><\/p>\n<p class=\"answer\">Ce r\u00e9sultat est appel\u00e9 \u00ab voile blanc \u00bb et se produit lorsque le fini s\u00e8che trop rapidement dans des conditions humides ou s&#8217;il y a eu de la condensation sur le fini. Plut\u00f4t que de sabler ou de d\u00e9caper le fini, utilisez le ralentisseur\/niveleur Des Produits de finition Dover pour dissoudre la surface endommag\u00e9e. Une fois que l&#8217;humidit\u00e9 aura eu le temps de s&#8217;\u00e9liminer, vous verrez que les produits se nivelleront ce qui permettra \u00e0 la surface de se r\u00e9tablir. Pour \u00e9viter ce probl\u00e8me, utilisez un ralentisseur (il reduit le temps de s\u00e9chage afin d&#8217;\u00e9liminer l&#8217;humidit\u00e9) et m\u00e9langez-le avec votre fini.<\/p>\n<\/div>\n<div id=\"c7527\" class=\"csc-default\">\n<p class=\"question\"><strong>Pourquoi est-ce que mon fini est irr\u00e9gulier (comporte des trous)?<\/strong><\/p>\n<p class=\"answer\">Cette situation s&#8217;appelle \u00ab yeux de poisson \u00bb. Cela se produit lorsqu&#8217;un fini est satur\u00e9 de silicone. Le silicone est pr\u00e9sent dans une pl\u00e9nitude de produits incluant les polis \u00e0\u00a0 meubles. Il suffit d&#8217;une petite quantit\u00e9 pour provoquer cette situation. Alors pour \u00e9viter de d\u00e9caper la surface, une fois de plus, utilisez le neutralisateur de silicone des Produits de Finition Dover. Ceci retirera les dommages du silicone tout en ajoutant soit du verni lustr\u00e9, semi-lustr\u00e9 ou un fini mat. Pour \u00e9viter cette situation, m\u00e9langez un produit anti-silicone \u00e0 votre fini lorsque vous le vaporisez (par exemple : Sil-flo).<\/p>\n<\/div>\n<div id=\"c7525\" class=\"csc-default\">\n<p class=\"question\"><strong>Est-ce qu&#8217;il existe un moyen d&#8217;\u00e9limier le lustre de la surface r\u00e9par\u00e9e lorsqu&#8217;on utilise un b\u00e2tonnet de retouche \u00e0 chaud?<\/strong><\/p>\n<p class=\"answer\">Cette surface lustr\u00e9 ou \u00ab halo \u00bb peut \u00eatre presque tout retir\u00e9e lorsque le scellant pour b\u00e2tonnets fondants est appliqu\u00e9 avant d&#8217;appliquer le fini.<\/p>\n<\/div>\n<div id=\"c7523\" class=\"csc-default\">\n<p class=\"question\"><strong>Pourquoi la couche de surface se d\u00e9tache-t-elle de la couche initiale?<\/strong><\/p>\n<p class=\"answer\">L&#8217;\u00e9caillement peut \u00eatre d\u00fb \u00e0 un seul facteur, ou \u00e0 une combinaison de ceux-ci. D&#8217;une part, il est possible que le nettoyage de la vieille surface n&#8217;a pas \u00e9t\u00e9 ad\u00e9quat. D&#8217;autre part, il peut y avoir eu une impropri\u00e9t\u00e9 ou un manque de compabilit\u00e9 de la couche de fond. Assurez-vous que la couche pr\u00e9c\u00e9dente est propre avant d&#8217;appliquer le fini. Vous devez \u00e9galement utiliser un produit du m\u00eame syst\u00e8me pour \u00e9viter des probl\u00e8mes d&#8217;incompatibilit\u00e9. Dans la plupart des cas, vous devez sabler ou refaire la finition de la surface endommag\u00e9e afin de rectifier la situation.<\/p>\n<\/div>\n<div id=\"c7521\" class=\"csc-default\">\n<p class=\"question\"><strong>Pourquoi le fini fait-il des craquelures?<\/strong><\/p>\n<p class=\"answer\">Ceci est souvent provoqu\u00e9 par un s\u00e9chage non appropri\u00e9 entre les couches du fini. Un changement important de la temp\u00e9rature pendant le s\u00e9chage en est une autre raison. Les produits incompatibles ou un m\u00e9lange insuffiant de produits peuvent \u00e9galement provoquer cette situation. Mais, la cause la plus probable de cette situation est due \u00e0 une application trop \u00e9paisse de couches. Il faut toujours allouer le temps n\u00e9cessaire au s\u00e9chage, bien m\u00e9langer les produits avant de l&#8217;appliquer et \u00e9viter de mettre des couches trop \u00e9paisses tout en utilisant des produits du m\u00eame syst\u00e8me. (L&#8217;id\u00e9al est d&#8217;utiliser les produits du m\u00eame fabricant.)<\/p>\n<\/div>\n<div id=\"c7519\" class=\"csc-default\">\n<p class=\"question\"><strong>Pourquoi trouve-t-on de nombreuses incrustations dans le fini, telles une pelure d&#8217;orange?<\/strong><\/p>\n<p class=\"answer\">L&#8217;effet de la \u00ab pelure d&#8217;orange \u00bb est caus\u00e9 par un manque de r\u00e9gularit\u00e9 durant la vaporisation. Une r\u00e9duction incompatible ou insuffisante sont les causes les plus communes. Un fini qui s\u00e8che trop rapidement engendrera probablement ce probl\u00e8me, surtout si la pression d&#8217;air provient d&#8217;un atomiseur. L&#8217;a\u00e9rosol niveleur Des Produits de finition permettra \u00e0 votre fini de se dissoudre et de se refaire, cr\u00e9ant ainsi une belle surface lisse. Dans des cas plus s\u00e9rieux, le probl\u00e8me se rectifiera soit \u00e0 l&#8217;aide d&#8217;un compos\u00e9, soit en sablant et en retravaillant la finition.<\/p>\n<\/div>\n","protected":false},"excerpt":{"rendered":"<p>Comment peut-on \u00e9liminer les surfaces laiteuses qui se sont form\u00e9es sur le fini ? Ce r\u00e9sultat est appel\u00e9 \u00ab voile blanc \u00bb et se produit lorsque le fini s\u00e8che trop rapidement dans des conditions humides ou s&#8217;il y a eu de la condensation sur le fini. Plut\u00f4t que de sabler ou de d\u00e9caper le fini, [&hellip;]<\/p>\n","protected":false},"author":1,"featured_media":0,"parent":0,"menu_order":0,"comment_status":"closed","ping_status":"closed","template":"sidebar-content-page.php","meta":{"footnotes":""},"class_list":["post-836","page","type-page","status-publish","hentry"],"_links":{"self":[{"href":"https:\/\/www.dfp.ca\/fr\/wp-json\/wp\/v2\/pages\/836"}],"collection":[{"href":"https:\/\/www.dfp.ca\/fr\/wp-json\/wp\/v2\/pages"}],"about":[{"href":"https:\/\/www.dfp.ca\/fr\/wp-json\/wp\/v2\/types\/page"}],"author":[{"embeddable":true,"href":"https:\/\/www.dfp.ca\/fr\/wp-json\/wp\/v2\/users\/1"}],"replies":[{"embeddable":true,"href":"https:\/\/www.dfp.ca\/fr\/wp-json\/wp\/v2\/comments?post=836"}],"version-history":[{"count":1,"href":"https:\/\/www.dfp.ca\/fr\/wp-json\/wp\/v2\/pages\/836\/revisions"}],"predecessor-version":[{"id":837,"href":"https:\/\/www.dfp.ca\/fr\/wp-json\/wp\/v2\/pages\/836\/revisions\/837"}],"wp:attachment":[{"href":"https:\/\/www.dfp.ca\/fr\/wp-json\/wp\/v2\/media?parent=836"}],"curies":[{"name":"wp","href":"https:\/\/api.w.org\/{rel}","templated":true}]}}