{"id":962,"date":"2016-07-06T10:12:38","date_gmt":"2016-07-06T14:12:38","guid":{"rendered":"http:\/\/www.dfp.ca\/fr\/?page_id=962"},"modified":"2025-04-28T14:17:44","modified_gmt":"2025-04-28T18:17:44","slug":"fiches-signaletiques","status":"publish","type":"page","link":"https:\/\/www.dfp.ca\/fr\/fiches-signaletiques\/","title":{"rendered":"FDS &#8211; FICHES DE DONN\u00c9ES DE S\u00c9CURIT\u00c9"},"content":{"rendered":"\n<h3 class=\"wp-block-heading\">Produits industrielle &#8211; fiches&nbsp;de donn\u00e9es de s\u00e9curit\u00e9<\/h3>\n\n\n\n<p><a href=\"\/wp-content\/uploads\/fdms\/FDMS-6400XX_Mastic_a_Bois_a_base_d_eau.pdf\">6400XX Mastic a Bois a base d&#8217;eau<\/a><br><a href=\"\/wp-content\/uploads\/fdms\/FDMS-64003X-4X_Timbermate.pdf\">64003X-4X Mastic a Bois a base d&#8217;eau Timbermate<\/a><br><a href=\"\/wp-content\/uploads\/fdms\/FDMS-640160_Colle_Epoxy_5_Minutes.pdf\">640160 Colle Epoxy 5 Minutes<\/a><br><a href=\"\/wp-content\/uploads\/fdms\/FDMS-64020X_Mastic_Epoxy_Quickwood.pdf\">6400XX Mastic Epoxy Quickwood<\/a><br><a href=\"\/wp-content\/uploads\/fdms\/FDMS-640305_Accelerateur_pour_Colle_Cyanoacrylate.pdf\">640305 Accelerateur pour Colle Cyanoacrylate <\/a><br><a href=\"\/wp-content\/uploads\/fdms\/FDMS-6403X0_Colle_Instantanee_Cyanoacrylate.pdf\">6403X0 Colle Instantanee Cyanoacrylate<\/a><br><a href=\"\/wp-content\/uploads\/fdms\/FDMS-640430_Colle_Blanche.pdf\">640430 Colle Blanche <\/a><br><a href=\"\/wp-content\/uploads\/fdms\/FDMS-642XXX_Goodfilla_Bouchepores_Epais.pdf\">642XXX Gork&#8217;s Goodfilla bouche pores \u00e9pais<br><\/a><a href=\"\/wp-content\/uploads\/fdms\/FDMS-678650-Decolorant_pour_bois.pdf\">678650 D\u00e9colorant pour bois<\/a><br><a href=\"\/wp-content\/uploads\/fdms\/FDMS-680350_Lubrifiant_Liquide_pour_Poncage.pdf\">680350 Lubrifiant Liquide pour Poncage<\/a><br><a href=\"\/wp-content\/uploads\/fdms\/FDMS-68036X_Lubrifiant_en_Gelee_pour_Poncage.pdf\"> 68036X Lubrifiant en Gelee pour Poncage <\/a><br><a href=\"\/wp-content\/uploads\/fdms\/FDMS-68060X_Huile_de_citron.pdf\"> 68060X Huile de citron <\/a><br><a href=\"\/wp-content\/uploads\/fdms\/FDMS-686321_Trousse_de_reparation_rapide_pour_cuir-1.pdf\">686321 Trousse de restauration pour cuir et vinyle<\/a><br><a href=\"\/wp-content\/uploads\/fdms\/FDMS-756100_Lubrifiant_de_silicone.pdf\">756100 Lubrifiant de silicone<\/a><br><a href=\"\/wp-content\/uploads\/fdms\/FDMS-760XXX_Batonnets_de_Remplissage_Production.pdf\"> 760XXX Batonnets de Remplissage Production <\/a><br><a href=\"\/wp-content\/uploads\/fdms\/FDMS-76XXXX_Marqueurs_de_Retouche_Usine_et_Pompe.pdf\">762XXX Marqueurs de Retouche HD<\/a><br><a href=\"\/wp-content\/uploads\/fdms\/FDMS-765XXX_Batonnets_de_Remplissage_Classique.pdf\"> 765XXX Batonnets de Remplissage Classique <\/a><br><a href=\"\/wp-content\/uploads\/fdms\/FDMS-76XXXX_Marqueurs_de_Retouche_Usine_et_Pompe.pdf\">766XXX Marqueurs de Retouche Usine<\/a><br><a href=\"\/wp-content\/uploads\/fdms\/FDMS-76XXXX_Marqueurs_de_Retouche_Usine_et_Pompe.pdf\">767XXX Marqueurs de Retouche Pompe <\/a><br><a href=\"https:\/\/www.dfp.ca\/wp-content\/uploads\/2024\/08\/FDS-2023-03-DFP-330-XXXNOIR.pdf\">7683XXX- Aerosols Opaques Noirs<\/a><br><a href=\"https:\/\/www.dfp.ca\/wp-content\/uploads\/2024\/08\/FDS-2023-04-DFP-333-XXXBLANC.pdf\">7683XXX &#8211; Aerosols Opaques Blancs<\/a><br><a href=\"\/wp-content\/uploads\/fdms\/FDMS-768550_Lubrifiant_Sec_Sans_Silicone.pdf\">768550 Lubrifiant Sec Sans Silicone <\/a><br><a href=\"\/wp-content\/uploads\/fdms\/FDMS-76856X_Aerosol_Pro_Fini_Neutralisateurs_de_Silicone.pdf\">76856X Aerosol Pro Fini Neutralisateurs de Silicone <\/a><br><a href=\"\/wp-content\/uploads\/fdms\/FDMS-768XXX_Aerosol_Pro_Fini_Apprets.pdf\">768XXX Aerosol Pro Fini Apprets <\/a><br><a href=\"\/wp-content\/uploads\/fdms\/FDMS-768XXX_Aerosol_Pro_Fini_Tous.pdf\">768XXX Aerosol Pro Fini Tous <\/a><br><a href=\"\/wp-content\/uploads\/fdms\/FDMS-76XXXX_Marqueurs_de_Retouche_Usine_et_Pompe.pdf\">77615X Marqueurs a Veiner <\/a><br><a href=\"\/wp-content\/uploads\/fdms\/FDMS-7820XX_Poudres_Colorantes_Match_et_Blend.pdf\">7820XX Poudres Colorants Match et Blend<\/a><br><a href=\"\/wp-content\/uploads\/fdms\/FDMS-7832XX_Gilt.pdf\">7832XX Gilt<\/a><br><a href=\"\/wp-content\/uploads\/fdms\/FDMS-785XXX_Seamfil.pdf\">785XXX Seamfil<\/a><br><a href=\"\/wp-content\/uploads\/fdms\/FDMS-790XXX_Batonnets_Fondants.pdf\">790XXX Batonnets Fondants<\/a><br><a href=\"\/wp-content\/uploads\/fdms\/FDMS-79110X_Baume_refroidisseur.pdf\">79110X Baume Refroidisseur<\/a><\/p>\n\n\n\n<h3 class=\"wp-block-heading\">Secret du M\u00e9tier &#8211; fiches&nbsp;de donn\u00e9es de s\u00e9curit\u00e9<\/h3>\n\n\n\n<p><a href=\"\/wp-content\/uploads\/fdms\/FDMS-686230_SM_Poli_a_Meubles-Senteur_Citron.pdf\">686230 Secret du M\u00e9tier Poli a Meubles-Senteur Citron<\/a><br><a href=\"\/wp-content\/uploads\/fdms\/FDMS-686231_SM_Poli_a_Meubles-Senteur_Campagnard.pdf\">686231 Secret du M\u00e9tier Poli a Meubles-Senteur Campagnard<\/a><br><a href=\"\/wp-content\/uploads\/fdms\/FDMS-686232_SM_Poli_a_Meuble-Senteur_Orange.pdf\">686232 Secret du M\u00e9tier Poli a Meuble-Senteur Orange<\/a><br><a href=\"\/wp-content\/uploads\/fdms\/FDMS-686233_SM_Efface_Eraflures_pour_bois_Fonce.pdf\">686233 Secret du M\u00e9tier Efface Eraflures pour bois Fonce<\/a><br><a href=\"\/wp-content\/uploads\/fdms\/FDMS-686234_SM_Efface_Eraflures_pour_bois_Pale.pdf\">686234 Secret du M\u00e9tier Efface Eraflures pour bois Pale<\/a><br><a href=\"\/wp-content\/uploads\/fdms\/FDMS-686235_SM_Poli_a_Melamine.pdf\"> 686235 Secret du M\u00e9tier Poli a Melamine<\/a><br><a href=\"\/wp-content\/uploads\/fdms\/FDMS-686236_SM_Poli_pour_l_Acier_Inoxydable.pdf\">686236 Secret du M\u00e9tier Poli pour l&#8217;Acier Inoxydable<\/a><br><a href=\"\/wp-content\/uploads\/fdms\/FDMS-686240_SM_Efface_Eraflures_ens_Pro.pdf\">686240 Secret du M\u00e9tier Efface Eraflures ensemble Pro<\/a><br><a href=\"\/wp-content\/uploads\/fdms\/FDMS-686250_SM_Gant_de_Travail_Invisible.pdf\">686250 Secret du M\u00e9tier Gant de Travail Invisible<\/a><br><a href=\"\/wp-content\/uploads\/fdms\/FDMS-687270_SM_Effaceur_de_cernes_blancs.pdf\" target=\"_blank\" rel=\"noopener noreferrer\">686270 Secret du M\u00e9tier Effaceur de cernes blancs<\/a><br><a href=\"\/wp-content\/uploads\/fdms\/FDMS-686281_SM_Systeme_de_Restauration.pdf\">686281 Secret du M\u00e9tier Systeme de Restauration<\/a><br><a href=\"\/wp-content\/uploads\/fdms\/FDMS-686300_SM_Systeme_d_Entretien_pour_le_Cuir.pdf\">686300 Secret du M\u00e9tier Systeme d&#8217;Entretien pour le Cuir<\/a><br><a href=\"\/wp-content\/uploads\/fdms\/FDMS-686310_SM_Restauration_Cuir_Pro_Rev.pdf\">686310 Secret du M\u00e9tier Restauration Cuir Pro<\/a><br><a href=\"\/wp-content\/uploads\/fdms\/FDMS-686330_SM_Detacher_d_Encre.pdf\">686330 Secret du M\u00e9tier Enl\u00e8ve Encre<\/a><br><a href=\"\/wp-content\/uploads\/fdms\/FDMS-686335_SM_Efface_Eraflure_pour_Cuir.pdf\">686335 Secret du M\u00e9tier Efface Eraflure pour Cuir<\/a><br><a href=\"\/wp-content\/uploads\/fdms\/FDMS-686350_SM_Colle_pour_le_Cuir.pdf\">686350 Secret du M\u00e9tier Colle pour le Cuir<\/a><br><a href=\"\/wp-content\/uploads\/fdms\/FDMS-686355_SM_Remplisseur_de_Cuir.pdf\">686355 Secret du M\u00e9tier Remplisseur de Cuir<\/a><br><a href=\"\/wp-content\/uploads\/fdms\/FDMS-6863XX_SM_Marqueurs_de_Retouche_pour_le_Cuir.pdf\">6863XX Secret du M\u00e9tier Marqueurs de Retouche pour le Cuir<\/a><br><a href=\"\/wp-content\/uploads\/fdms\/FDMS-68710X_SM_Systeme_de_Retouche_pour_Bois.pdf\">68710X Secret du M\u00e9tier Systeme de Retouche pour Bois<\/a><br><a href=\"\/wp-content\/uploads\/fdms\/FDMS-68712X_SM_Systeme_de_Retouche_pour_Planchers.pdf\">68712X Secret du M\u00e9tier Systeme de Retouche pour planchers<\/a><br><a href=\"\/wp-content\/uploads\/fdms\/FDMS-68726X_SM_Marqueurs_de_retouche.pdf\">68726X Secret du M\u00e9tier Marqueurs de retouche<\/a><br><a href=\"\/wp-content\/uploads\/fdms\/FDMS-687500_SM_Marqueurs_de_retouche_pro.pdf\">687500 Secret du M\u00e9tier Marqueurs de retouche pro<\/a><br><a href=\"\/wp-content\/uploads\/fdms\/FDMS-687550_TS_Fini_Pro.pdf\">687550 Secret du M\u00e9tier Fini Pro<\/a><br><a href=\"\/wp-content\/uploads\/fdms\/FDMS-687XXX_SM_Batonnets_de_Remplissage.pdf\">687XXX Secret du M\u00e9tier Batonnets de Remplissage<\/a><\/p>\n","protected":false},"excerpt":{"rendered":"<p>Produits industrielle &#8211; fiches&nbsp;de donn\u00e9es de s\u00e9curit\u00e9 6400XX Mastic a Bois a base d&#8217;eau64003X-4X Mastic a Bois a base d&#8217;eau Timbermate640160 Colle Epoxy 5 Minutes6400XX Mastic Epoxy Quickwood640305 Accelerateur pour Colle Cyanoacrylate 6403X0 Colle Instantanee Cyanoacrylate640430 Colle Blanche 642XXX Gork&#8217;s Goodfilla bouche pores \u00e9pais678650 D\u00e9colorant pour bois680350 Lubrifiant Liquide pour Poncage 68036X Lubrifiant en Gelee [&hellip;]<\/p>\n","protected":false},"author":1,"featured_media":0,"parent":0,"menu_order":0,"comment_status":"closed","ping_status":"closed","template":"","meta":{"footnotes":""},"class_list":["post-962","page","type-page","status-publish","hentry"],"_links":{"self":[{"href":"https:\/\/www.dfp.ca\/fr\/wp-json\/wp\/v2\/pages\/962"}],"collection":[{"href":"https:\/\/www.dfp.ca\/fr\/wp-json\/wp\/v2\/pages"}],"about":[{"href":"https:\/\/www.dfp.ca\/fr\/wp-json\/wp\/v2\/types\/page"}],"author":[{"embeddable":true,"href":"https:\/\/www.dfp.ca\/fr\/wp-json\/wp\/v2\/users\/1"}],"replies":[{"embeddable":true,"href":"https:\/\/www.dfp.ca\/fr\/wp-json\/wp\/v2\/comments?post=962"}],"version-history":[{"count":18,"href":"https:\/\/www.dfp.ca\/fr\/wp-json\/wp\/v2\/pages\/962\/revisions"}],"predecessor-version":[{"id":5587,"href":"https:\/\/www.dfp.ca\/fr\/wp-json\/wp\/v2\/pages\/962\/revisions\/5587"}],"wp:attachment":[{"href":"https:\/\/www.dfp.ca\/fr\/wp-json\/wp\/v2\/media?parent=962"}],"curies":[{"name":"wp","href":"https:\/\/api.w.org\/{rel}","templated":true}]}}